{"id":2226,"date":"2025-11-24T15:17:40","date_gmt":"2025-11-24T13:17:40","guid":{"rendered":"https:\/\/kotekservice.com\/?page_id=2226"},"modified":"2025-11-25T13:17:16","modified_gmt":"2025-11-25T11:17:16","slug":"reningsverk-for-avloppsvatten","status":"publish","type":"page","link":"https:\/\/kotekservice.com\/sv\/tjanster\/reningsverk-for-avloppsvatten\/","title":{"rendered":"Reningsverk f\u00f6r avloppsvatten"},"content":{"rendered":"\t\t<div data-elementor-type=\"wp-page\" data-elementor-id=\"2226\" class=\"elementor elementor-2226 elementor-2224\" data-elementor-post-type=\"page\">\n\t\t\t\t<div class=\"elementor-element elementor-element-b42b116 e-con-full e-flex e-con e-parent\" data-id=\"b42b116\" data-element_type=\"container\" data-e-type=\"container\" data-settings=\"{&quot;jet_parallax_layout_list&quot;:[]}\">\n\t\t\t\t<div class=\"elementor-element elementor-element-cef0ee4 elementor-widget elementor-widget-template\" data-id=\"cef0ee4\" data-element_type=\"widget\" data-e-type=\"widget\" data-widget_type=\"template.default\">\n\t\t\t\t<div class=\"elementor-widget-container\">\n\t\t\t\t\t\t\t<div class=\"elementor-template\">\n\t\t\t\t\t<div data-elementor-type=\"container\" data-elementor-id=\"1545\" class=\"elementor elementor-1545 elementor-566 elementor-566\" data-elementor-post-type=\"elementor_library\">\n\t\t\t\t<div class=\"elementor-element elementor-element-66dcb6f2 osiopaddingtop e-flex e-con-boxed e-con e-parent\" data-id=\"66dcb6f2\" data-element_type=\"container\" data-e-type=\"container\" data-settings=\"{&quot;background_background&quot;:&quot;classic&quot;,&quot;jet_parallax_layout_list&quot;:[]}\">\n\t\t\t\t\t<div class=\"e-con-inner\">\n\t\t\t\t<div class=\"elementor-element elementor-element-1a3bbd9 jet-breadcrumbs-align-center elementor-widget elementor-widget-jet-breadcrumbs\" data-id=\"1a3bbd9\" data-element_type=\"widget\" data-e-type=\"widget\" data-widget_type=\"jet-breadcrumbs.default\">\n\t\t\t\t<div class=\"elementor-widget-container\">\n\t\t\t\t\t<div class=\"elementor-jet-breadcrumbs jet-blocks\">\n\t\t<div class=\"jet-breadcrumbs\">\n\t\t<div class=\"jet-breadcrumbs__content\">\n\t\t<div class=\"jet-breadcrumbs__wrap\"><div class=\"jet-breadcrumbs__item\"><a href=\"https:\/\/kotekservice.com\/sv\/\" class=\"jet-breadcrumbs__item-link is-home\" rel=\"home\" title=\"Startsida\">Startsida<\/a><\/div>\n\t\t<\/div>\n\t\t<\/div>\n\t\t<\/div><\/div>\t\t\t\t<\/div>\n\t\t\t\t<\/div>\n\t\t\t\t\t<\/div>\n\t\t\t\t<\/div>\n\t\t\t\t<\/div>\n\t\t\t\t<\/div>\n\t\t\t\t\t\t<\/div>\n\t\t\t\t<\/div>\n\t\t\t\t<\/div>\n\t\t<div class=\"elementor-element elementor-element-64ce9cd osiomargin e-flex e-con-boxed e-con e-parent\" data-id=\"64ce9cd\" data-element_type=\"container\" data-e-type=\"container\" data-settings=\"{&quot;jet_parallax_layout_list&quot;:[]}\">\n\t\t\t\t\t<div class=\"e-con-inner\">\n\t\t\t\t<div class=\"elementor-element elementor-element-eb92161 elementor-widget elementor-widget-heading\" data-id=\"eb92161\" data-element_type=\"widget\" data-e-type=\"widget\" data-widget_type=\"heading.default\">\n\t\t\t\t<div class=\"elementor-widget-container\">\n\t\t\t\t\t<h2 class=\"elementor-heading-title elementor-size-default\">Belastningar p\u00e5 avloppsbass\u00e4nger och Kotek Factory Service Oy:s omfattande service<\/h2>\t\t\t\t<\/div>\n\t\t\t\t<\/div>\n\t\t\t\t<div class=\"elementor-element elementor-element-e82c1e1 elementor-widget elementor-widget-text-editor\" data-id=\"e82c1e1\" data-element_type=\"widget\" data-e-type=\"widget\" data-widget_type=\"text-editor.default\">\n\t\t\t\t<div class=\"elementor-widget-container\">\n\t\t\t\t\t\t\t\t\t<p>Avloppsvattentankar \u00e4r en av de mest kr\u00e4vande konstruktionerna inom industri och kommunalteknik. Deras f\u00f6rh\u00e5llanden uts\u00e4tter betong och ytbel\u00e4ggningar f\u00f6r en m\u00e4ngd olika p\u00e5frestningar - samtidigt och kontinuerligt. Den kombinerade effekten av dessa faktorer inneb\u00e4r en mycket tung livscykelbelastning p\u00e5 konstruktionen, vilket kr\u00e4ver b\u00e5de r\u00e4tt arbetsmetoder och r\u00e4tt bel\u00e4ggningssystem.  <\/p>\t\t\t\t\t\t\t\t<\/div>\n\t\t\t\t<\/div>\n\t\t\t\t\t<\/div>\n\t\t\t\t<\/div>\n\t\t<div class=\"elementor-element elementor-element-9925d0e osiopadding e-flex e-con-boxed e-con e-parent\" data-id=\"9925d0e\" data-element_type=\"container\" data-e-type=\"container\" data-settings=\"{&quot;background_background&quot;:&quot;classic&quot;,&quot;jet_parallax_layout_list&quot;:[]}\">\n\t\t\t\t\t<div class=\"e-con-inner\">\n\t\t\t\t<div class=\"elementor-element elementor-element-5366c94 elementor-widget elementor-widget-heading\" data-id=\"5366c94\" data-element_type=\"widget\" data-e-type=\"widget\" data-widget_type=\"heading.default\">\n\t\t\t\t<div class=\"elementor-widget-container\">\n\t\t\t\t\t<h2 class=\"elementor-heading-title elementor-size-default\">Kemisk stress<\/h2>\t\t\t\t<\/div>\n\t\t\t\t<\/div>\n\t\t\t\t<div class=\"elementor-element elementor-element-ec818ab elementor-widget elementor-widget-text-editor\" data-id=\"ec818ab\" data-element_type=\"widget\" data-e-type=\"widget\" data-widget_type=\"text-editor.default\">\n\t\t\t\t<div class=\"elementor-widget-container\">\n\t\t\t\t\t\t\t\t\t<p>Avloppsvatten \u00e4r inte bara vatten, det inneh\u00e5ller:<\/p><ul><li style=\"font-weight: 400;\" aria-level=\"1\">sura och basiska f\u00f6reningar<\/li><li style=\"font-weight: 400;\" aria-level=\"1\">sulfater, klorider och tungmetaller<\/li><li style=\"font-weight: 400;\" aria-level=\"1\">organiska syror och s\u00f6nderdelande f\u00f6reningar<\/li><li style=\"font-weight: 400;\" aria-level=\"1\">tv\u00e4tt- och reng\u00f6ringsmedel samt processkemikalier<\/li><\/ul><p>I synnerhet mikrobiell korrosion (MIC) orsakad av <strong>svavelv\u00e4te (H\u2082S)<\/strong> \u00e4r en snabb och allvarlig mekanism f\u00f6r att f\u00f6rst\u00f6ra betong och metallarmering. I bass\u00e4nger omvandlas H\u2082S av bakterier till svavelsyra - som korroderar betong snabbare \u00e4n de flesta industrikemikalier. <\/p>\t\t\t\t\t\t\t\t<\/div>\n\t\t\t\t<\/div>\n\t\t\t\t\t<\/div>\n\t\t\t\t<\/div>\n\t\t<div class=\"elementor-element elementor-element-af104c0 osiomargin e-flex e-con-boxed e-con e-parent\" data-id=\"af104c0\" data-element_type=\"container\" data-e-type=\"container\" data-settings=\"{&quot;jet_parallax_layout_list&quot;:[]}\">\n\t\t\t\t\t<div class=\"e-con-inner\">\n\t\t\t\t<div class=\"elementor-element elementor-element-07cff3b elementor-widget elementor-widget-heading\" data-id=\"07cff3b\" data-element_type=\"widget\" data-e-type=\"widget\" data-widget_type=\"heading.default\">\n\t\t\t\t<div class=\"elementor-widget-container\">\n\t\t\t\t\t<h2 class=\"elementor-heading-title elementor-size-default\">Mikrobiologisk belastning<\/h2>\t\t\t\t<\/div>\n\t\t\t\t<\/div>\n\t\t\t\t<div class=\"elementor-element elementor-element-b3e8443 elementor-widget elementor-widget-text-editor\" data-id=\"b3e8443\" data-element_type=\"widget\" data-e-type=\"widget\" data-widget_type=\"text-editor.default\">\n\t\t\t\t<div class=\"elementor-widget-container\">\n\t\t\t\t\t\t\t\t\t<p>V\u00e4rmen, fuktigheten och det organiska materialet i avloppsbass\u00e4nger skapar perfekta f\u00f6rh\u00e5llanden f\u00f6r mikrobiell tillv\u00e4xt.<br>Betong \u00e4r utsatt:<\/p><ul><li>svavelbildande bakterier<\/li><li>f\u00f6r alg-, m\u00f6gel- och bakteriemembran<\/li><li>f\u00f6r biologiska utf\u00e4llningar<\/li><\/ul><p>Dessa p\u00e5skyndar kemisk nedbrytning och f\u00f6rsvagar vidh\u00e4ftningen av ytbel\u00e4ggningar om inte ytan reng\u00f6rs och ruggas upp p\u00e5 ett professionellt s\u00e4tt.<\/p>\t\t\t\t\t\t\t\t<\/div>\n\t\t\t\t<\/div>\n\t\t\t\t\t<\/div>\n\t\t\t\t<\/div>\n\t\t<div class=\"elementor-element elementor-element-6896ccd osiopadding e-flex e-con-boxed e-con e-parent\" data-id=\"6896ccd\" data-element_type=\"container\" data-e-type=\"container\" data-settings=\"{&quot;background_background&quot;:&quot;classic&quot;,&quot;jet_parallax_layout_list&quot;:[]}\">\n\t\t\t\t\t<div class=\"e-con-inner\">\n\t\t\t\t<div class=\"elementor-element elementor-element-d01394c elementor-widget elementor-widget-heading\" data-id=\"d01394c\" data-element_type=\"widget\" data-e-type=\"widget\" data-widget_type=\"heading.default\">\n\t\t\t\t<div class=\"elementor-widget-container\">\n\t\t\t\t\t<h2 class=\"elementor-heading-title elementor-size-default\">Mekanisk f\u00f6rbrukning<\/h2>\t\t\t\t<\/div>\n\t\t\t\t<\/div>\n\t\t\t\t<div class=\"elementor-element elementor-element-e44bf8b elementor-widget elementor-widget-text-editor\" data-id=\"e44bf8b\" data-element_type=\"widget\" data-e-type=\"widget\" data-widget_type=\"text-editor.default\">\n\t\t\t\t<div class=\"elementor-widget-container\">\n\t\t\t\t\t\t\t\t\t<p>Poolbel\u00e4ggningar och betongkonstruktioner m\u00e5ste t\u00e5la:<\/p><ul><li>erosion genom str\u00f6mmande vatten<\/li><li>den slipande effekten av pumpat slam och sand<\/li><li>vibration av utrustning i avloppsvattenprocesser<\/li><li>mekaniska st\u00f6tar (metallf\u00f6rem\u00e5l, reng\u00f6ringsverktyg)<\/li><\/ul><p>Med tiden kommer slitaget att f\u00f6rs\u00e4mra b\u00e5de betongytan och den tidigare bel\u00e4ggningen - s\u00e4rskilt om underlaget inte har ruggats upp ordentligt f\u00f6re bel\u00e4ggningen.<\/p>\t\t\t\t\t\t\t\t<\/div>\n\t\t\t\t<\/div>\n\t\t\t\t\t<\/div>\n\t\t\t\t<\/div>\n\t\t<div class=\"elementor-element elementor-element-ca42ce8 osiomargin e-flex e-con-boxed e-con e-parent\" data-id=\"ca42ce8\" data-element_type=\"container\" data-e-type=\"container\" data-settings=\"{&quot;jet_parallax_layout_list&quot;:[]}\">\n\t\t\t\t\t<div class=\"e-con-inner\">\n\t\t\t\t<div class=\"elementor-element elementor-element-072f120 elementor-widget elementor-widget-heading\" data-id=\"072f120\" data-element_type=\"widget\" data-e-type=\"widget\" data-widget_type=\"heading.default\">\n\t\t\t\t<div class=\"elementor-widget-container\">\n\t\t\t\t\t<h2 class=\"elementor-heading-title elementor-size-default\">Temperaturfluktuationer, frysning och upptining<\/h2>\t\t\t\t<\/div>\n\t\t\t\t<\/div>\n\t\t\t\t<div class=\"elementor-element elementor-element-add0eec elementor-widget elementor-widget-text-editor\" data-id=\"add0eec\" data-element_type=\"widget\" data-e-type=\"widget\" data-widget_type=\"text-editor.default\">\n\t\t\t\t<div class=\"elementor-widget-container\">\n\t\t\t\t\t\t\t\t\t<p>I det finska klimatet \u00e4r avloppsbass\u00e4nger utomhus s\u00e5rbara:<\/p><ul><li>f\u00f6r frost<\/li><li>f\u00f6r sm\u00e4ltvatten<\/li><li>till expansionen av frysande vatten<\/li><li>f\u00f6r routing<\/li><\/ul><p>Fukt sugs in i betongen och expanderar n\u00e4r den fryser, vilket orsakar:<\/p><ul><li>betong smulas s\u00f6nder<\/li><li>sprickorna v\u00e4xer<\/li><li>bel\u00e4ggningen f\u00f6rlorar sin vidh\u00e4ftning<\/li><li>armeringen \u00e4r utsatt f\u00f6r korrosion<\/li><\/ul>\t\t\t\t\t\t\t\t<\/div>\n\t\t\t\t<\/div>\n\t\t\t\t\t<\/div>\n\t\t\t\t<\/div>\n\t\t<div class=\"elementor-element elementor-element-6e7f3f4 osiopadding e-flex e-con-boxed e-con e-parent\" data-id=\"6e7f3f4\" data-element_type=\"container\" data-e-type=\"container\" data-settings=\"{&quot;background_background&quot;:&quot;classic&quot;,&quot;jet_parallax_layout_list&quot;:[]}\">\n\t\t\t\t\t<div class=\"e-con-inner\">\n\t\t\t\t<div class=\"elementor-element elementor-element-939a112 elementor-widget elementor-widget-heading\" data-id=\"939a112\" data-element_type=\"widget\" data-e-type=\"widget\" data-widget_type=\"heading.default\">\n\t\t\t\t<div class=\"elementor-widget-container\">\n\t\t\t\t\t<h2 class=\"elementor-heading-title elementor-size-default\">Nedbrytning av betong och korrosion av armering<\/h2>\t\t\t\t<\/div>\n\t\t\t\t<\/div>\n\t\t\t\t<div class=\"elementor-element elementor-element-9e5e90c elementor-widget elementor-widget-text-editor\" data-id=\"9e5e90c\" data-element_type=\"widget\" data-e-type=\"widget\" data-widget_type=\"text-editor.default\">\n\t\t\t\t<div class=\"elementor-widget-container\">\n\t\t\t\t\t\t\t\t\t<p>N\u00e4r betong f\u00f6rlorar sin kompakthet:<\/p><ul><li>klorider och sulfater tr\u00e4nger djupare in<\/li><li>armeringen b\u00f6rjar rosta<\/li><li>rost expanderar armeringen<\/li><li>expansion bryter s\u00f6nder betongen fr\u00e5n insidan<\/li><li>\u00f6kande sprickor och flisning<\/li><\/ul><p>Detta leder till snabb f\u00f6rs\u00e4mring av konstruktionen och till och med milj\u00f6risker om l\u00e4ckage uppst\u00e5r.<\/p>\t\t\t\t\t\t\t\t<\/div>\n\t\t\t\t<\/div>\n\t\t\t\t\t<\/div>\n\t\t\t\t<\/div>\n\t\t<div class=\"elementor-element elementor-element-db88597 osiomargin e-flex e-con-boxed e-con e-parent\" data-id=\"db88597\" data-element_type=\"container\" data-e-type=\"container\" data-settings=\"{&quot;jet_parallax_layout_list&quot;:[]}\">\n\t\t\t\t\t<div class=\"e-con-inner\">\n\t\t\t\t<div class=\"elementor-element elementor-element-40cc892 elementor-widget elementor-widget-heading\" data-id=\"40cc892\" data-element_type=\"widget\" data-e-type=\"widget\" data-widget_type=\"heading.default\">\n\t\t\t\t<div class=\"elementor-widget-container\">\n\t\t\t\t\t<h2 class=\"elementor-heading-title elementor-size-default\">Kotek Factory Service Oy erbjuder en komplett tj\u00e4nst f\u00f6r renovering av avloppsdammar<\/h2>\t\t\t\t<\/div>\n\t\t\t\t<\/div>\n\t\t\t\t<div class=\"elementor-element elementor-element-319b6f5 elementor-widget elementor-widget-text-editor\" data-id=\"319b6f5\" data-element_type=\"widget\" data-e-type=\"widget\" data-widget_type=\"text-editor.default\">\n\t\t\t\t<div class=\"elementor-widget-container\">\n\t\t\t\t\t\t\t\t\t<p>Koteks styrka \u00e4r att hela processen sker i egen regi - fr\u00e5n reng\u00f6ring av underlaget till den slutliga bel\u00e4ggningen.<br>Detta \u00e4r mycket viktigt, eftersom bel\u00e4ggningen av avloppsdammar alltid kommer att misslyckas om n\u00e5got steg hoppas \u00f6ver eller om fel metoder anv\u00e4nds.<\/p>\t\t\t\t\t\t\t\t<\/div>\n\t\t\t\t<\/div>\n\t\t<div class=\"elementor-element elementor-element-bd1b1b8 e-grid e-con-full e-con e-child\" data-id=\"bd1b1b8\" data-element_type=\"container\" data-e-type=\"container\" data-settings=\"{&quot;jet_parallax_layout_list&quot;:[]}\">\n\t\t<div class=\"elementor-element elementor-element-2e9bf5f e-con-full e-transform e-flex e-con e-child\" data-id=\"2e9bf5f\" data-element_type=\"container\" data-e-type=\"container\" data-settings=\"{&quot;jet_parallax_layout_list&quot;:[],&quot;_transform_translateY_effect_hover&quot;:{&quot;unit&quot;:&quot;px&quot;,&quot;size&quot;:-2,&quot;sizes&quot;:[]},&quot;_transform_translateX_effect_hover&quot;:{&quot;unit&quot;:&quot;px&quot;,&quot;size&quot;:&quot;&quot;,&quot;sizes&quot;:[]},&quot;_transform_translateX_effect_hover_laptop&quot;:{&quot;unit&quot;:&quot;px&quot;,&quot;size&quot;:&quot;&quot;,&quot;sizes&quot;:[]},&quot;_transform_translateX_effect_hover_tablet&quot;:{&quot;unit&quot;:&quot;px&quot;,&quot;size&quot;:&quot;&quot;,&quot;sizes&quot;:[]},&quot;_transform_translateX_effect_hover_mobile&quot;:{&quot;unit&quot;:&quot;px&quot;,&quot;size&quot;:&quot;&quot;,&quot;sizes&quot;:[]},&quot;_transform_translateY_effect_hover_laptop&quot;:{&quot;unit&quot;:&quot;px&quot;,&quot;size&quot;:&quot;&quot;,&quot;sizes&quot;:[]},&quot;_transform_translateY_effect_hover_tablet&quot;:{&quot;unit&quot;:&quot;px&quot;,&quot;size&quot;:&quot;&quot;,&quot;sizes&quot;:[]},&quot;_transform_translateY_effect_hover_mobile&quot;:{&quot;unit&quot;:&quot;px&quot;,&quot;size&quot;:&quot;&quot;,&quot;sizes&quot;:[]}}\">\n\t\t\t\t<div class=\"elementor-element elementor-element-97e43a6 elementor-widget elementor-widget-heading\" data-id=\"97e43a6\" data-element_type=\"widget\" data-e-type=\"widget\" data-widget_type=\"heading.default\">\n\t\t\t\t<div class=\"elementor-widget-container\">\n\t\t\t\t\t<h3 class=\"elementor-heading-title elementor-size-default\">1. vattenbetning eller h\u00f6gtryckstv\u00e4tt<\/h3>\t\t\t\t<\/div>\n\t\t\t\t<\/div>\n\t\t\t\t<div class=\"elementor-element elementor-element-09d9e2c elementor-widget elementor-widget-text-editor\" data-id=\"09d9e2c\" data-element_type=\"widget\" data-e-type=\"widget\" data-widget_type=\"text-editor.default\">\n\t\t\t\t<div class=\"elementor-widget-container\">\n\t\t\t\t\t\t\t\t\t<p>Substratet reng\u00f6rs med h\u00f6gtryck (2500-3000 bar) eller vattenbetning (2000-2500 bar, med materialavverkning), varvid<\/p><ul><li>svag betong elimineras<\/li><li>mikrobiella och kemiska rester avskiljs<\/li><li>b\u00e4ttre vidh\u00e4ftning av bel\u00e4ggningen<\/li><li>fel och skador blir synliga<\/li><\/ul><p>Detta \u00e4r det enda r\u00e4tta s\u00e4ttet att reng\u00f6ra avloppsbass\u00e4nger - sandbl\u00e4string \u00e4r inte tillr\u00e4ckligt f\u00f6r djupt absorberade rester.<\/p>\t\t\t\t\t\t\t\t<\/div>\n\t\t\t\t<\/div>\n\t\t\t\t<\/div>\n\t\t<div class=\"elementor-element elementor-element-d70987d e-con-full e-transform e-flex e-con e-child\" data-id=\"d70987d\" data-element_type=\"container\" data-e-type=\"container\" data-settings=\"{&quot;jet_parallax_layout_list&quot;:[],&quot;_transform_translateY_effect_hover&quot;:{&quot;unit&quot;:&quot;px&quot;,&quot;size&quot;:-2,&quot;sizes&quot;:[]},&quot;_transform_translateX_effect_hover&quot;:{&quot;unit&quot;:&quot;px&quot;,&quot;size&quot;:&quot;&quot;,&quot;sizes&quot;:[]},&quot;_transform_translateX_effect_hover_laptop&quot;:{&quot;unit&quot;:&quot;px&quot;,&quot;size&quot;:&quot;&quot;,&quot;sizes&quot;:[]},&quot;_transform_translateX_effect_hover_tablet&quot;:{&quot;unit&quot;:&quot;px&quot;,&quot;size&quot;:&quot;&quot;,&quot;sizes&quot;:[]},&quot;_transform_translateX_effect_hover_mobile&quot;:{&quot;unit&quot;:&quot;px&quot;,&quot;size&quot;:&quot;&quot;,&quot;sizes&quot;:[]},&quot;_transform_translateY_effect_hover_laptop&quot;:{&quot;unit&quot;:&quot;px&quot;,&quot;size&quot;:&quot;&quot;,&quot;sizes&quot;:[]},&quot;_transform_translateY_effect_hover_tablet&quot;:{&quot;unit&quot;:&quot;px&quot;,&quot;size&quot;:&quot;&quot;,&quot;sizes&quot;:[]},&quot;_transform_translateY_effect_hover_mobile&quot;:{&quot;unit&quot;:&quot;px&quot;,&quot;size&quot;:&quot;&quot;,&quot;sizes&quot;:[]}}\">\n\t\t\t\t<div class=\"elementor-element elementor-element-47365ef elementor-widget elementor-widget-heading\" data-id=\"47365ef\" data-element_type=\"widget\" data-e-type=\"widget\" data-widget_type=\"heading.default\">\n\t\t\t\t<div class=\"elementor-widget-container\">\n\t\t\t\t\t<h3 class=\"elementor-heading-title elementor-size-default\">  2. Nivellering och reparationsarbeten<\/h3>\t\t\t\t<\/div>\n\t\t\t\t<\/div>\n\t\t\t\t<div class=\"elementor-element elementor-element-5f857b9 elementor-widget elementor-widget-text-editor\" data-id=\"5f857b9\" data-element_type=\"widget\" data-e-type=\"widget\" data-widget_type=\"text-editor.default\">\n\t\t\t\t<div class=\"elementor-widget-container\">\n\t\t\t\t\t\t\t\t\t<p>Svaga delar av betongytan avj\u00e4mnas:<\/p><ul><li>med epoxibel\u00e4ggning<\/li><li>med cementbaserade reparationsblandningar<\/li><li>vid behov repareras armeringen<\/li><\/ul><p>M\u00e5let \u00e4r att uppn\u00e5 en t\u00e4t och j\u00e4mn yta med maximal vidh\u00e4ftning av bel\u00e4ggningen.<\/p>\t\t\t\t\t\t\t\t<\/div>\n\t\t\t\t<\/div>\n\t\t\t\t<\/div>\n\t\t<div class=\"elementor-element elementor-element-c1ea145 e-con-full e-transform e-flex e-con e-child\" data-id=\"c1ea145\" data-element_type=\"container\" data-e-type=\"container\" data-settings=\"{&quot;jet_parallax_layout_list&quot;:[],&quot;_transform_translateY_effect_hover&quot;:{&quot;unit&quot;:&quot;px&quot;,&quot;size&quot;:-2,&quot;sizes&quot;:[]},&quot;_transform_translateX_effect_hover&quot;:{&quot;unit&quot;:&quot;px&quot;,&quot;size&quot;:&quot;&quot;,&quot;sizes&quot;:[]},&quot;_transform_translateX_effect_hover_laptop&quot;:{&quot;unit&quot;:&quot;px&quot;,&quot;size&quot;:&quot;&quot;,&quot;sizes&quot;:[]},&quot;_transform_translateX_effect_hover_tablet&quot;:{&quot;unit&quot;:&quot;px&quot;,&quot;size&quot;:&quot;&quot;,&quot;sizes&quot;:[]},&quot;_transform_translateX_effect_hover_mobile&quot;:{&quot;unit&quot;:&quot;px&quot;,&quot;size&quot;:&quot;&quot;,&quot;sizes&quot;:[]},&quot;_transform_translateY_effect_hover_laptop&quot;:{&quot;unit&quot;:&quot;px&quot;,&quot;size&quot;:&quot;&quot;,&quot;sizes&quot;:[]},&quot;_transform_translateY_effect_hover_tablet&quot;:{&quot;unit&quot;:&quot;px&quot;,&quot;size&quot;:&quot;&quot;,&quot;sizes&quot;:[]},&quot;_transform_translateY_effect_hover_mobile&quot;:{&quot;unit&quot;:&quot;px&quot;,&quot;size&quot;:&quot;&quot;,&quot;sizes&quot;:[]}}\">\n\t\t\t\t<div class=\"elementor-element elementor-element-96ec267 elementor-widget elementor-widget-heading\" data-id=\"96ec267\" data-element_type=\"widget\" data-e-type=\"widget\" data-widget_type=\"heading.default\">\n\t\t\t\t<div class=\"elementor-widget-container\">\n\t\t\t\t\t<h3 class=\"elementor-heading-title elementor-size-default\">3. Kemiskt resistent bel\u00e4ggning<\/h3>\t\t\t\t<\/div>\n\t\t\t\t<\/div>\n\t\t\t\t<div class=\"elementor-element elementor-element-6ddf087 elementor-widget elementor-widget-text-editor\" data-id=\"6ddf087\" data-element_type=\"widget\" data-e-type=\"widget\" data-widget_type=\"text-editor.default\">\n\t\t\t\t<div class=\"elementor-widget-container\">\n\t\t\t\t\t\t\t\t\t<p>Kotek anv\u00e4nder l\u00e4mpliga bel\u00e4ggningssystem.<\/p><p>De vanligaste ytbel\u00e4ggningarna f\u00f6r avloppsvattentankar:<\/p><ul><li><strong>Polyurea<\/strong> - s\u00f6ml\u00f6s, mycket kemikaliebest\u00e4ndig, snabbh\u00e4rdande<\/li><li><strong>ARC CS4(E)<\/strong> - stark novolac epoxi, motst\u00e5ndskraftig mot MIC-korrosion<\/li><li><strong>ARC 988(E)<\/strong> - stark slipande massa f\u00f6r tuffa kemikalier och n\u00f6tning<\/li><li><strong>Epoxibel\u00e4ggningar<\/strong> - motst\u00e5ndskraftiga mot kemikalier och mekanisk belastning<\/li><li><strong>Polyuretanbel\u00e4ggningar<\/strong> - flexibla och slitstarka<\/li><\/ul><p>Bel\u00e4ggningen v\u00e4ljs utifr\u00e5n de kemiska p\u00e5frestningarna, temperaturen och det mekaniska slitaget i bass\u00e4ngen.<\/p>\t\t\t\t\t\t\t\t<\/div>\n\t\t\t\t<\/div>\n\t\t\t\t<\/div>\n\t\t<div class=\"elementor-element elementor-element-2d75e89 e-con-full e-transform e-flex e-con e-child\" data-id=\"2d75e89\" data-element_type=\"container\" data-e-type=\"container\" data-settings=\"{&quot;jet_parallax_layout_list&quot;:[],&quot;_transform_translateY_effect_hover&quot;:{&quot;unit&quot;:&quot;px&quot;,&quot;size&quot;:-2,&quot;sizes&quot;:[]},&quot;_transform_translateX_effect_hover&quot;:{&quot;unit&quot;:&quot;px&quot;,&quot;size&quot;:&quot;&quot;,&quot;sizes&quot;:[]},&quot;_transform_translateX_effect_hover_laptop&quot;:{&quot;unit&quot;:&quot;px&quot;,&quot;size&quot;:&quot;&quot;,&quot;sizes&quot;:[]},&quot;_transform_translateX_effect_hover_tablet&quot;:{&quot;unit&quot;:&quot;px&quot;,&quot;size&quot;:&quot;&quot;,&quot;sizes&quot;:[]},&quot;_transform_translateX_effect_hover_mobile&quot;:{&quot;unit&quot;:&quot;px&quot;,&quot;size&quot;:&quot;&quot;,&quot;sizes&quot;:[]},&quot;_transform_translateY_effect_hover_laptop&quot;:{&quot;unit&quot;:&quot;px&quot;,&quot;size&quot;:&quot;&quot;,&quot;sizes&quot;:[]},&quot;_transform_translateY_effect_hover_tablet&quot;:{&quot;unit&quot;:&quot;px&quot;,&quot;size&quot;:&quot;&quot;,&quot;sizes&quot;:[]},&quot;_transform_translateY_effect_hover_mobile&quot;:{&quot;unit&quot;:&quot;px&quot;,&quot;size&quot;:&quot;&quot;,&quot;sizes&quot;:[]}}\">\n\t\t\t\t<div class=\"elementor-element elementor-element-6f970e9 elementor-widget elementor-widget-heading\" data-id=\"6f970e9\" data-element_type=\"widget\" data-e-type=\"widget\" data-widget_type=\"heading.default\">\n\t\t\t\t<div class=\"elementor-widget-container\">\n\t\t\t\t\t<h3 class=\"elementor-heading-title elementor-size-default\">  4. Resultatet: en l\u00e4ckages\u00e4ker, s\u00e4ker och l\u00e5nglivad pool<\/h3>\t\t\t\t<\/div>\n\t\t\t\t<\/div>\n\t\t\t\t<div class=\"elementor-element elementor-element-83749b8 elementor-widget elementor-widget-text-editor\" data-id=\"83749b8\" data-element_type=\"widget\" data-e-type=\"widget\" data-widget_type=\"text-editor.default\">\n\t\t\t\t<div class=\"elementor-widget-container\">\n\t\t\t\t\t\t\t\t\t<p>N\u00e4r alla steg \u00e4r korrekt utf\u00f6rda:<\/p><ul><li>risken f\u00f6r l\u00e4ckage elimineras<\/li><li>f\u00f6rl\u00e4nga konstruktionens livsl\u00e4ngd med flera \u00e5r<\/li><li>f\u00f6rb\u00e4ttrad kemisk best\u00e4ndighet<\/li><li>\u00f6kad process\u00e4kerhet<\/li><li>milj\u00f6riskerna minskas avsev\u00e4rt<\/li><\/ul><p><strong>Kotek Factory Service Oy:s one-stop-service s\u00e4kerst\u00e4ller att alla steg hanteras av en enda operat\u00f6r - utan mellanh\u00e4nder och utan risk f\u00f6r att n\u00e5got steg missas.<\/strong><\/p>\t\t\t\t\t\t\t\t<\/div>\n\t\t\t\t<\/div>\n\t\t\t\t<\/div>\n\t\t\t\t<\/div>\n\t\t\t\t\t<\/div>\n\t\t\t\t<\/div>\n\t\t\t\t<\/div>\n\t\t","protected":false},"excerpt":{"rendered":"<p>Belastningar p\u00e5 avloppsbass\u00e4nger och Kotek Factory Service Oy:s omfattande service Avloppsvattentankar \u00e4r en av de mest kr\u00e4vande konstruktionerna inom industri och kommunalteknik. Deras f\u00f6rh\u00e5llanden uts\u00e4tter betong och ytbel\u00e4ggningar f\u00f6r en m\u00e4ngd olika p\u00e5frestningar - samtidigt och kontinuerligt. Den kombinerade effekten av dessa faktorer inneb\u00e4r en mycket tung livscykelbelastning p\u00e5 konstruktionen, vilket kr\u00e4ver b\u00e5de r\u00e4tt arbetsmetoder [&hellip;]<\/p>\n","protected":false},"author":1,"featured_media":1447,"parent":1510,"menu_order":0,"comment_status":"closed","ping_status":"closed","template":"","meta":{"footnotes":""},"class_list":["post-2226","page","type-page","status-publish","has-post-thumbnail","hentry"],"_links":{"self":[{"href":"https:\/\/kotekservice.com\/sv\/wp-json\/wp\/v2\/pages\/2226","targetHints":{"allow":["GET"]}}],"collection":[{"href":"https:\/\/kotekservice.com\/sv\/wp-json\/wp\/v2\/pages"}],"about":[{"href":"https:\/\/kotekservice.com\/sv\/wp-json\/wp\/v2\/types\/page"}],"author":[{"embeddable":true,"href":"https:\/\/kotekservice.com\/sv\/wp-json\/wp\/v2\/users\/1"}],"replies":[{"embeddable":true,"href":"https:\/\/kotekservice.com\/sv\/wp-json\/wp\/v2\/comments?post=2226"}],"version-history":[{"count":22,"href":"https:\/\/kotekservice.com\/sv\/wp-json\/wp\/v2\/pages\/2226\/revisions"}],"predecessor-version":[{"id":2280,"href":"https:\/\/kotekservice.com\/sv\/wp-json\/wp\/v2\/pages\/2226\/revisions\/2280"}],"up":[{"embeddable":true,"href":"https:\/\/kotekservice.com\/sv\/wp-json\/wp\/v2\/pages\/1510"}],"wp:featuredmedia":[{"embeddable":true,"href":"https:\/\/kotekservice.com\/sv\/wp-json\/wp\/v2\/media\/1447"}],"wp:attachment":[{"href":"https:\/\/kotekservice.com\/sv\/wp-json\/wp\/v2\/media?parent=2226"}],"curies":[{"name":"wp","href":"https:\/\/api.w.org\/{rel}","templated":true}]}}