{"id":1635,"date":"2025-06-09T12:49:22","date_gmt":"2025-06-09T09:49:22","guid":{"rendered":"https:\/\/kotek.sivustamo.dev\/tjanster\/betongbelaggningar\/"},"modified":"2025-12-10T13:31:25","modified_gmt":"2025-12-10T11:31:25","slug":"betongbelaggningar","status":"publish","type":"page","link":"https:\/\/kotekservice.com\/sv\/tjanster\/betongbelaggningar\/","title":{"rendered":"Golvbel\u00e4ggning"},"content":{"rendered":"\t\t<div data-elementor-type=\"wp-page\" data-elementor-id=\"1635\" class=\"elementor elementor-1635 elementor-976\" data-elementor-post-type=\"page\">\n\t\t\t\t<div class=\"elementor-element elementor-element-b42b116 e-con-full e-flex e-con e-parent\" data-id=\"b42b116\" data-element_type=\"container\" data-e-type=\"container\" data-settings=\"{&quot;jet_parallax_layout_list&quot;:[]}\">\n\t\t\t\t<div class=\"elementor-element elementor-element-cef0ee4 elementor-widget elementor-widget-template\" data-id=\"cef0ee4\" data-element_type=\"widget\" data-e-type=\"widget\" data-widget_type=\"template.default\">\n\t\t\t\t<div class=\"elementor-widget-container\">\n\t\t\t\t\t\t\t<div class=\"elementor-template\">\n\t\t\t\t\t<div data-elementor-type=\"container\" data-elementor-id=\"1545\" class=\"elementor elementor-1545 elementor-566 elementor-566\" data-elementor-post-type=\"elementor_library\">\n\t\t\t\t<div class=\"elementor-element elementor-element-66dcb6f2 osiopaddingtop e-flex e-con-boxed e-con e-parent\" data-id=\"66dcb6f2\" data-element_type=\"container\" data-e-type=\"container\" data-settings=\"{&quot;background_background&quot;:&quot;classic&quot;,&quot;jet_parallax_layout_list&quot;:[]}\">\n\t\t\t\t\t<div class=\"e-con-inner\">\n\t\t\t\t<div class=\"elementor-element elementor-element-1a3bbd9 jet-breadcrumbs-align-center elementor-widget elementor-widget-jet-breadcrumbs\" data-id=\"1a3bbd9\" data-element_type=\"widget\" data-e-type=\"widget\" data-widget_type=\"jet-breadcrumbs.default\">\n\t\t\t\t<div class=\"elementor-widget-container\">\n\t\t\t\t\t<div class=\"elementor-jet-breadcrumbs jet-blocks\">\n\t\t<div class=\"jet-breadcrumbs\">\n\t\t<div class=\"jet-breadcrumbs__content\">\n\t\t<div class=\"jet-breadcrumbs__wrap\"><div class=\"jet-breadcrumbs__item\"><a href=\"https:\/\/kotekservice.com\/sv\/\" class=\"jet-breadcrumbs__item-link is-home\" rel=\"home\" title=\"Startsida\">Startsida<\/a><\/div>\n\t\t<\/div>\n\t\t<\/div>\n\t\t<\/div><\/div>\t\t\t\t<\/div>\n\t\t\t\t<\/div>\n\t\t\t\t\t<\/div>\n\t\t\t\t<\/div>\n\t\t\t\t<\/div>\n\t\t\t\t<\/div>\n\t\t\t\t\t\t<\/div>\n\t\t\t\t<\/div>\n\t\t\t\t<\/div>\n\t\t<div class=\"elementor-element elementor-element-64ce9cd osiomargin e-flex e-con-boxed e-con e-parent\" data-id=\"64ce9cd\" data-element_type=\"container\" data-e-type=\"container\" data-settings=\"{&quot;jet_parallax_layout_list&quot;:[]}\">\n\t\t\t\t\t<div class=\"e-con-inner\">\n\t\t\t\t<div class=\"elementor-element elementor-element-485d19b elementor-widget elementor-widget-heading\" data-id=\"485d19b\" data-element_type=\"widget\" data-e-type=\"widget\" data-widget_type=\"heading.default\">\n\t\t\t\t<div class=\"elementor-widget-container\">\n\t\t\t\t\t<h2 class=\"elementor-heading-title elementor-size-default\">Golvbel\u00e4ggningar f\u00f6r industrin<\/h2>\t\t\t\t<\/div>\n\t\t\t\t<\/div>\n\t\t\t\t<div class=\"elementor-element elementor-element-e82c1e1 elementor-widget elementor-widget-text-editor\" data-id=\"e82c1e1\" data-element_type=\"widget\" data-e-type=\"widget\" data-widget_type=\"text-editor.default\">\n\t\t\t\t<div class=\"elementor-widget-container\">\n\t\t\t\t\t\t\t\t\t<p>Vi anv\u00e4nder p\u00e5litliga inhemska produkter fr\u00e5n <a href=\"https:\/\/tikkurila.fi\/pro\/artikkeli\/betonilattian-pintakasittelyvaihtoehdot\" target=\"_blank\" rel=\"noopener\">Tikkurila<\/a> och <a href=\"https:\/\/www.teknos.com\/fi-FI\/teollisuus\/ratkaisut\/teras--ja-betonirakentaminen\/betonirakenteet\/betonipinnoitteet\/\" target=\"_blank\" rel=\"noopener\">Teknos<\/a> f\u00f6r bel\u00e4ggning av betonggolv. F\u00f6r de mest kr\u00e4vande betongapplikationerna inom industrin erbjuder vi ocks\u00e5 v\u00e5ra egna importerade, p\u00e5litliga Chesterton-betongbel\u00e4ggningar. Andra stora varum\u00e4rken \u00e4r <a href=\"https:\/\/fin.sika.com\/fi\/rakentaminen\/lattiapinnoitteet\/lattiapinnoitustuotteet.html\" target=\"_blank\" rel=\"noopener\">Sika<\/a> och Basf.    <\/p><p><strong data-start=\"383\" data-end=\"443\">Vi utf\u00f6r golvbel\u00e4ggningar som en nyckelf\u00e4rdig tj\u00e4nst.<\/strong>  Vi v\u00e4ljer r\u00e4tt epoxi- eller PU-bel\u00e4ggning f\u00f6r jobbet och installerar systemet med primers f\u00f6r att g\u00f6ra ytan motst\u00e5ndskraftig mot kemikalier, mekanisk n\u00f6tning och tv\u00e4tt. M\u00e5let \u00e4r l\u00e5ng livsl\u00e4ngd, s\u00e4ker vidh\u00e4ftning och <strong data-start=\"668\" data-end=\"690\">snabb installation<\/strong> med en korrekt dimensionerad produkt. <\/p><p><strong data-start=\"995\" data-end=\"1016\">Golvbel\u00e4ggning<\/strong> g\u00f6r betonggolv slitstarka och l\u00e4tta att reng\u00f6ra. Beroende p\u00e5 p\u00e5frestningarna v\u00e4ljer vi antingen en tuff, kemikaliebest\u00e4ndig epoxibel\u00e4ggning eller en mer flexibel, slagt\u00e5lig PU-bel\u00e4ggning - s\u00e4rskilt f\u00f6r applikationer som parkeringshus, logistikcenter och lagerlokaler d\u00e4r golvbel\u00e4ggningen uts\u00e4tts f\u00f6r temperaturv\u00e4xlingar och vibrationer. <\/p>\t\t\t\t\t\t\t\t<\/div>\n\t\t\t\t<\/div>\n\t\t\t\t\t<\/div>\n\t\t\t\t<\/div>\n\t\t<div class=\"elementor-element elementor-element-9925d0e osiopadding e-flex e-con-boxed e-con e-parent\" data-id=\"9925d0e\" data-element_type=\"container\" data-e-type=\"container\" data-settings=\"{&quot;background_background&quot;:&quot;classic&quot;,&quot;jet_parallax_layout_list&quot;:[]}\">\n\t\t\t\t\t<div class=\"e-con-inner\">\n\t\t\t\t<div class=\"elementor-element elementor-element-5366c94 elementor-widget elementor-widget-heading\" data-id=\"5366c94\" data-element_type=\"widget\" data-e-type=\"widget\" data-widget_type=\"heading.default\">\n\t\t\t\t<div class=\"elementor-widget-container\">\n\t\t\t\t\t<h3 class=\"elementor-heading-title elementor-size-default\">F\u00f6rbehandling av betongytan - grunden f\u00f6r en framg\u00e5ngsrik golvbel\u00e4ggning<\/h3>\t\t\t\t<\/div>\n\t\t\t\t<\/div>\n\t\t\t\t<div class=\"elementor-element elementor-element-ec818ab elementor-widget elementor-widget-text-editor\" data-id=\"ec818ab\" data-element_type=\"widget\" data-e-type=\"widget\" data-widget_type=\"text-editor.default\">\n\t\t\t\t<div class=\"elementor-widget-container\">\n\t\t\t\t\t\t\t\t\t<p>Vi erbjuder den l\u00e4mpligaste produkten f\u00f6r betongbel\u00e4ggningsprojektet och utf\u00f6r arbetet fr\u00e5n grundarbetet till den slutliga reng\u00f6ringen. Med v\u00e5ra kraftfulla diamantslip- och fr\u00e4smaskiner g\u00e5r det snabbt att f\u00f6rbereda golvet med h\u00f6g kvalitet.<\/p><p><strong>Bl\u00e4string<\/strong> och <strong>slipning<\/strong> av betonggolv \u00e4r effektiva metoder f\u00f6r att f\u00f6rbereda och \u00e5terst\u00e4lla betongytor f\u00f6r att f\u00f6rb\u00e4ttra h\u00e5llbarheten, utseendet och s\u00e4kerheten. Dessa processer \u00e4r viktiga i en rad olika till\u00e4mpningar, t.ex. industrigolv, lagerlokaler, parkeringsgarage och offentliga utrymmen, d\u00e4r golven m\u00e5ste t\u00e5la h\u00f6g mekanisk belastning och ge bra grepp.<\/p><p><strong data-start=\"759\" data-end=\"827\">Vi reparerar och renoverar ocks\u00e5 gamla betonggolv<\/strong>, t.ex. genom att laga sprickor, j\u00e4mna till ytor och byta bel\u00e4ggningar. Ett reparerat och noggrant f\u00f6rbehandlat golv s\u00e4kerst\u00e4ller h\u00e5llbarheten och livsl\u00e4ngden hos den nya bel\u00e4ggningen. <\/p>\t\t\t\t\t\t\t\t<\/div>\n\t\t\t\t<\/div>\n\t\t\t\t\t<\/div>\n\t\t\t\t<\/div>\n\t\t<div class=\"elementor-element elementor-element-af104c0 osiomargin e-flex e-con-boxed e-con e-parent\" data-id=\"af104c0\" data-element_type=\"container\" data-e-type=\"container\" data-settings=\"{&quot;jet_parallax_layout_list&quot;:[]}\">\n\t\t\t\t\t<div class=\"e-con-inner\">\n\t\t\t\t<div class=\"elementor-element elementor-element-07cff3b elementor-widget elementor-widget-heading\" data-id=\"07cff3b\" data-element_type=\"widget\" data-e-type=\"widget\" data-widget_type=\"heading.default\">\n\t\t\t\t<div class=\"elementor-widget-container\">\n\t\t\t\t\t<h3 class=\"elementor-heading-title elementor-size-default\">Bl\u00e4string med skrot\n<\/h3>\t\t\t\t<\/div>\n\t\t\t\t<\/div>\n\t\t\t\t<div class=\"elementor-element elementor-element-b3e8443 elementor-widget elementor-widget-text-editor\" data-id=\"b3e8443\" data-element_type=\"widget\" data-e-type=\"widget\" data-widget_type=\"text-editor.default\">\n\t\t\t\t<div class=\"elementor-widget-container\">\n\t\t\t\t\t\t\t\t\t<p>Zinkbl\u00e4string \u00e4r en process d\u00e4r sm\u00e5 st\u00e5l- eller metallpartiklar skjuts med h\u00f6g hastighet mot en betongyta f\u00f6r att avl\u00e4gsna cementpasta, f\u00f6roreningar, f\u00e4rg, bel\u00e4ggningar eller andra \u00e4mnen. Denna metod \u00e4r s\u00e4rskilt anv\u00e4ndbar f\u00f6r att j\u00e4mna ut grova och oj\u00e4mna ytor, ta bort gamla bel\u00e4ggningar och \u00f6ppna upp betongens porstruktur, vilket f\u00f6rb\u00e4ttrar vidh\u00e4ftningen av nya betongbel\u00e4ggningar. Zinkbl\u00e4string kan ocks\u00e5 avsl\u00f6ja strukturella defekter i betong, t.ex. sprickor och bubblor, som kan repareras innan betongbel\u00e4ggning eller m\u00e5lning f\u00f6r att s\u00e4kerst\u00e4lla en l\u00e4ngre livsl\u00e4ngd och en b\u00e4ttre finish.  <\/p>\t\t\t\t\t\t\t\t<\/div>\n\t\t\t\t<\/div>\n\t\t\t\t\t<\/div>\n\t\t\t\t<\/div>\n\t\t<div class=\"elementor-element elementor-element-6896ccd osiopadding e-flex e-con-boxed e-con e-parent\" data-id=\"6896ccd\" data-element_type=\"container\" data-e-type=\"container\" data-settings=\"{&quot;background_background&quot;:&quot;classic&quot;,&quot;jet_parallax_layout_list&quot;:[]}\">\n\t\t\t\t\t<div class=\"e-con-inner\">\n\t\t\t\t<div class=\"elementor-element elementor-element-d01394c elementor-widget elementor-widget-heading\" data-id=\"d01394c\" data-element_type=\"widget\" data-e-type=\"widget\" data-widget_type=\"heading.default\">\n\t\t\t\t<div class=\"elementor-widget-container\">\n\t\t\t\t\t<h3 class=\"elementor-heading-title elementor-size-default\">Diamantsk\u00e4rning<\/h3>\t\t\t\t<\/div>\n\t\t\t\t<\/div>\n\t\t\t\t<div class=\"elementor-element elementor-element-e44bf8b elementor-widget elementor-widget-text-editor\" data-id=\"e44bf8b\" data-element_type=\"widget\" data-e-type=\"widget\" data-widget_type=\"text-editor.default\">\n\t\t\t\t<div class=\"elementor-widget-container\">\n\t\t\t\t\t\t\t\t\t<p>Slipning av betonggolv \u00e4r en process som utf\u00f6rs med specialverktyg och utrustning, t.ex. diamantslipskivor, f\u00f6r att uppn\u00e5 en j\u00e4mn och sl\u00e4t yta. Slipning avl\u00e4gsnar sm\u00e5 oj\u00e4mnheter, j\u00e4mnar ut fogar och f\u00f6rbereder ytan f\u00f6r applicering av betongbel\u00e4ggningar som epoxi eller uretan. Det kan ocks\u00e5 ta bort fastbr\u00e4nd smuts, olja och andra \u00e4mnen som kan f\u00f6rsvaga vidh\u00e4ftningen hos en betongbel\u00e4ggning.   <\/p>\t\t\t\t\t\t\t\t<\/div>\n\t\t\t\t<\/div>\n\t\t\t\t\t<\/div>\n\t\t\t\t<\/div>\n\t\t<div class=\"elementor-element elementor-element-4cf89e2 osiomargin e-flex e-con-boxed e-con e-parent\" data-id=\"4cf89e2\" data-element_type=\"container\" data-e-type=\"container\" data-settings=\"{&quot;jet_parallax_layout_list&quot;:[]}\">\n\t\t\t\t\t<div class=\"e-con-inner\">\n\t\t\t\t<div class=\"elementor-element elementor-element-5c6ed40 elementor-widget elementor-widget-heading\" data-id=\"5c6ed40\" data-element_type=\"widget\" data-e-type=\"widget\" data-widget_type=\"heading.default\">\n\t\t\t\t<div class=\"elementor-widget-container\">\n\t\t\t\t\t<h2 class=\"elementor-heading-title elementor-size-default\">Vad \u00e4r golvbel\u00e4ggning och betongbel\u00e4ggning och hur g\u00e5r det till?<\/h2>\t\t\t\t<\/div>\n\t\t\t\t<\/div>\n\t\t\t\t<div class=\"elementor-element elementor-element-fe8395d elementor-widget elementor-widget-text-editor\" data-id=\"fe8395d\" data-element_type=\"widget\" data-e-type=\"widget\" data-widget_type=\"text-editor.default\">\n\t\t\t\t<div class=\"elementor-widget-container\">\n\t\t\t\t\t\t\t\t\t<p>Golvbel\u00e4ggning avser applicering av <strong>en epoxi-<\/strong> eller <strong>PU-bel\u00e4ggning<\/strong> p\u00e5 industriella betongytor f\u00f6r att f\u00f6rb\u00e4ttra h\u00e5llbarhet, kemisk best\u00e4ndighet och reng\u00f6rbarhet.<br>Betongbel\u00e4ggningsprocess: f\u00f6rbehandling (bl\u00e4string\/bl\u00e4string) \u2192 primer och n\u00f6dv\u00e4ndig lagning \u2192 toppbel\u00e4ggning. Typisk drifts\u00e4ttning 12-24 timmar, full kemisk best\u00e4ndighet 3-7 dagar. <\/p><p><strong>Vilken betongbel\u00e4ggning ska du v\u00e4lja, epoxi eller PU?<\/strong><br><strong data-start=\"2677\" data-end=\"2688\">Epoxibel\u00e4ggning <\/strong>\u00e4r t\u00e5lig, kemiskt och mekaniskt resistent - en utm\u00e4rkt golvbel\u00e4ggning f\u00f6r kemiskt kr\u00e4vande milj\u00f6er.<br><strong data-start=\"2817\" data-end=\"2830\">PU-bel\u00e4ggning:<\/strong> flexibel, motst\u00e5ndskraftig mot temperaturv\u00e4xlingar och st\u00f6tar - l\u00e4mplig f\u00f6r t.ex. logistik och parkeringsgarage. <\/p><p><strong>Varf\u00f6r \u00e4r det viktigt att f\u00f6rbehandla betongbel\u00e4ggningar?<\/strong><br>F\u00f6rbehandling s\u00e4kerst\u00e4ller vidh\u00e4ftning, f\u00f6rhindrar delaminering och f\u00f6rl\u00e4nger livsl\u00e4ngden (bl\u00e4string skapar en vidh\u00e4ftningsprofil, diamantslipning j\u00e4mnar ut och reng\u00f6r).<\/p><p><strong data-start=\"70\" data-end=\"120\">Hur l\u00e4nge h\u00e5ller bel\u00e4ggningen p\u00e5 betonggolvet vid anv\u00e4ndning?<\/strong><br data-start=\"120\" data-end=\"123\">Ett korrekt f\u00f6rbehandlat och dimensionerat golvbel\u00e4ggningssystem h\u00e5ller vanligtvis i 5-10 \u00e5r vid industriell anv\u00e4ndning. I l\u00e4ttare applikationer kan livsl\u00e4ngden vara \u00e4nnu l\u00e4ngre. <\/p>\t\t\t\t\t\t\t\t<\/div>\n\t\t\t\t<\/div>\n\t\t\t\t\t<\/div>\n\t\t\t\t<\/div>\n\t\t<div class=\"elementor-element elementor-element-db88597 osiomargin e-flex e-con-boxed e-con e-parent\" data-id=\"db88597\" data-element_type=\"container\" data-e-type=\"container\" data-settings=\"{&quot;jet_parallax_layout_list&quot;:[]}\">\n\t\t\t\t\t<div class=\"e-con-inner\">\n\t\t<div class=\"elementor-element elementor-element-bd1b1b8 e-grid e-con-full e-con e-child\" data-id=\"bd1b1b8\" data-element_type=\"container\" data-e-type=\"container\" data-settings=\"{&quot;jet_parallax_layout_list&quot;:[]}\">\n\t\t<div class=\"elementor-element elementor-element-2e9bf5f e-con-full e-flex e-con e-child\" data-id=\"2e9bf5f\" data-element_type=\"container\" data-e-type=\"container\" data-settings=\"{&quot;jet_parallax_layout_list&quot;:[]}\">\n\t\t\t\t<div class=\"elementor-element elementor-element-699b0c4 elementor-widget elementor-widget-image\" data-id=\"699b0c4\" data-element_type=\"widget\" data-e-type=\"widget\" data-widget_type=\"image.default\">\n\t\t\t\t<div class=\"elementor-widget-container\">\n\t\t\t\t\t\t\t\t\t\t\t\t\t\t\t<img fetchpriority=\"high\" decoding=\"async\" width=\"400\" height=\"250\" src=\"https:\/\/kotekservice.com\/wp-content\/uploads\/2025\/06\/Kuva1-1-r5g6lzapk72el0bxoq6z1a6idrmk52fmpicq75siis.jpg\" class=\"attachment-1536x1536 size-1536x1536 wp-image-1421\" alt=\"\" srcset=\"https:\/\/kotekservice.com\/wp-content\/uploads\/2025\/06\/Kuva1-1-r5g6lzapk72el0bxoq6z1a6idrmk52fmpicq75siis.jpg 400w, https:\/\/kotekservice.com\/wp-content\/uploads\/2025\/06\/Kuva1-1-r5g6lzapk72el0bxoq6z1a6idrmk52fmpicq75siis-300x188.jpg 300w\" sizes=\"(max-width: 400px) 100vw, 400px\" \/>\t\t\t\t\t\t\t\t\t\t\t\t\t\t\t<\/div>\n\t\t\t\t<\/div>\n\t\t<div class=\"elementor-element elementor-element-8bb3399 e-con-full e-flex e-con e-child\" data-id=\"8bb3399\" data-element_type=\"container\" data-e-type=\"container\" data-settings=\"{&quot;jet_parallax_layout_list&quot;:[]}\">\n\t\t\t\t<div class=\"elementor-element elementor-element-09d9e2c elementor-widget elementor-widget-text-editor\" data-id=\"09d9e2c\" data-element_type=\"widget\" data-e-type=\"widget\" data-widget_type=\"text-editor.default\">\n\t\t\t\t<div class=\"elementor-widget-container\">\n\t\t\t\t\t\t\t\t\t<p data-start=\"112\" data-end=\"169\">Zinkbl\u00e4string avl\u00e4gsnar gamla bel\u00e4ggningar och skapar en bindningsprofil f\u00f6r epoxi- och uretanbel\u00e4ggningar.<\/p>\t\t\t\t\t\t\t\t<\/div>\n\t\t\t\t<\/div>\n\t\t\t\t<\/div>\n\t\t\t\t<\/div>\n\t\t<div class=\"elementor-element elementor-element-38f7dd6 e-con-full e-flex e-con e-child\" data-id=\"38f7dd6\" data-element_type=\"container\" data-e-type=\"container\" data-settings=\"{&quot;jet_parallax_layout_list&quot;:[]}\">\n\t\t\t\t<div class=\"elementor-element elementor-element-b693a5f elementor-widget elementor-widget-image\" data-id=\"b693a5f\" data-element_type=\"widget\" data-e-type=\"widget\" data-widget_type=\"image.default\">\n\t\t\t\t<div class=\"elementor-widget-container\">\n\t\t\t\t\t\t\t\t\t\t\t\t\t\t\t<img decoding=\"async\" width=\"400\" height=\"250\" src=\"https:\/\/kotekservice.com\/wp-content\/uploads\/2025\/06\/Kuva2-1-r5g6lzapk72el0bxoq6z1a6idrmk52fmpicq75siis.jpg\" class=\"attachment-1536x1536 size-1536x1536 wp-image-1413\" alt=\"\" srcset=\"https:\/\/kotekservice.com\/wp-content\/uploads\/2025\/06\/Kuva2-1-r5g6lzapk72el0bxoq6z1a6idrmk52fmpicq75siis.jpg 400w, https:\/\/kotekservice.com\/wp-content\/uploads\/2025\/06\/Kuva2-1-r5g6lzapk72el0bxoq6z1a6idrmk52fmpicq75siis-300x188.jpg 300w\" sizes=\"(max-width: 400px) 100vw, 400px\" \/>\t\t\t\t\t\t\t\t\t\t\t\t\t\t\t<\/div>\n\t\t\t\t<\/div>\n\t\t<div class=\"elementor-element elementor-element-e525d0d e-con-full e-flex e-con e-child\" data-id=\"e525d0d\" data-element_type=\"container\" data-e-type=\"container\" data-settings=\"{&quot;jet_parallax_layout_list&quot;:[]}\">\n\t\t\t\t<div class=\"elementor-element elementor-element-59e01a1 elementor-widget elementor-widget-text-editor\" data-id=\"59e01a1\" data-element_type=\"widget\" data-e-type=\"widget\" data-widget_type=\"text-editor.default\">\n\t\t\t\t<div class=\"elementor-widget-container\">\n\t\t\t\t\t\t\t\t\t<p>Betongbel\u00e4ggningen ger en slagt\u00e5lig yta som t\u00e5l vibrationer och temperaturv\u00e4xlingar<\/p>\t\t\t\t\t\t\t\t<\/div>\n\t\t\t\t<\/div>\n\t\t\t\t<\/div>\n\t\t\t\t<\/div>\n\t\t<div class=\"elementor-element elementor-element-bafd866 e-con-full e-flex e-con e-child\" data-id=\"bafd866\" data-element_type=\"container\" data-e-type=\"container\" data-settings=\"{&quot;jet_parallax_layout_list&quot;:[]}\">\n\t\t\t\t<div class=\"elementor-element elementor-element-f54ec98 elementor-widget elementor-widget-image\" data-id=\"f54ec98\" data-element_type=\"widget\" data-e-type=\"widget\" data-widget_type=\"image.default\">\n\t\t\t\t<div class=\"elementor-widget-container\">\n\t\t\t\t\t\t\t\t\t\t\t\t\t\t\t<img decoding=\"async\" width=\"400\" height=\"250\" src=\"https:\/\/kotekservice.com\/wp-content\/uploads\/2025\/06\/Kuva3-1-r5g6lzapk72el0bxoq6z1a6idrmk52fmpicq75siis.jpg\" class=\"attachment-1536x1536 size-1536x1536 wp-image-1415\" alt=\"\" srcset=\"https:\/\/kotekservice.com\/wp-content\/uploads\/2025\/06\/Kuva3-1-r5g6lzapk72el0bxoq6z1a6idrmk52fmpicq75siis.jpg 400w, https:\/\/kotekservice.com\/wp-content\/uploads\/2025\/06\/Kuva3-1-r5g6lzapk72el0bxoq6z1a6idrmk52fmpicq75siis-300x188.jpg 300w\" sizes=\"(max-width: 400px) 100vw, 400px\" \/>\t\t\t\t\t\t\t\t\t\t\t\t\t\t\t<\/div>\n\t\t\t\t<\/div>\n\t\t<div class=\"elementor-element elementor-element-dd59e32 e-con-full e-flex e-con e-child\" data-id=\"dd59e32\" data-element_type=\"container\" data-e-type=\"container\" data-settings=\"{&quot;jet_parallax_layout_list&quot;:[]}\">\n\t\t\t\t<div class=\"elementor-element elementor-element-b2ae233 elementor-widget elementor-widget-text-editor\" data-id=\"b2ae233\" data-element_type=\"widget\" data-e-type=\"widget\" data-widget_type=\"text-editor.default\">\n\t\t\t\t<div class=\"elementor-widget-container\">\n\t\t\t\t\t\t\t\t\t<p>Golvet kan ocks\u00e5 vara f\u00e4rgglatt och kan vara i f\u00f6retagets varum\u00e4rkesf\u00e4rger.<\/p>\t\t\t\t\t\t\t\t<\/div>\n\t\t\t\t<\/div>\n\t\t\t\t<\/div>\n\t\t\t\t<\/div>\n\t\t<div class=\"elementor-element elementor-element-9cbe0d6 e-con-full e-flex e-con e-child\" data-id=\"9cbe0d6\" data-element_type=\"container\" data-e-type=\"container\" data-settings=\"{&quot;jet_parallax_layout_list&quot;:[]}\">\n\t\t\t\t<\/div>\n\t\t<div class=\"elementor-element elementor-element-854c186 e-con-full e-flex e-con e-child\" data-id=\"854c186\" data-element_type=\"container\" data-e-type=\"container\" data-settings=\"{&quot;jet_parallax_layout_list&quot;:[]}\">\n\t\t\t\t<div class=\"elementor-element elementor-element-d3a5b96 elementor-widget elementor-widget-image\" data-id=\"d3a5b96\" data-element_type=\"widget\" data-e-type=\"widget\" data-widget_type=\"image.default\">\n\t\t\t\t<div class=\"elementor-widget-container\">\n\t\t\t\t\t\t\t\t\t\t\t\t\t\t\t<img loading=\"lazy\" decoding=\"async\" width=\"864\" height=\"1536\" src=\"https:\/\/kotekservice.com\/wp-content\/uploads\/2025\/06\/IMG-20240516-WA0002-864x1536.jpg\" class=\"attachment-1536x1536 size-1536x1536 wp-image-1449\" alt=\"\" srcset=\"https:\/\/kotekservice.com\/wp-content\/uploads\/2025\/06\/IMG-20240516-WA0002-864x1536.jpg 864w, https:\/\/kotekservice.com\/wp-content\/uploads\/2025\/06\/IMG-20240516-WA0002-169x300.jpg 169w, https:\/\/kotekservice.com\/wp-content\/uploads\/2025\/06\/IMG-20240516-WA0002-576x1024.jpg 576w, https:\/\/kotekservice.com\/wp-content\/uploads\/2025\/06\/IMG-20240516-WA0002-768x1365.jpg 768w, https:\/\/kotekservice.com\/wp-content\/uploads\/2025\/06\/IMG-20240516-WA0002.jpg 900w\" sizes=\"(max-width: 864px) 100vw, 864px\" \/>\t\t\t\t\t\t\t\t\t\t\t\t\t\t\t<\/div>\n\t\t\t\t<\/div>\n\t\t\t\t<\/div>\n\t\t\t\t<\/div>\n\t\t\t\t\t<\/div>\n\t\t\t\t<\/div>\n\t\t\t\t<\/div>\n\t\t","protected":false},"excerpt":{"rendered":"<p>Golvbel\u00e4ggningar f\u00f6r industrin Vi anv\u00e4nder p\u00e5litliga inhemska produkter fr\u00e5n Tikkurila och Teknos f\u00f6r bel\u00e4ggning av betonggolv. F\u00f6r de mest kr\u00e4vande betongapplikationerna inom industrin erbjuder vi ocks\u00e5 v\u00e5ra egna importerade, p\u00e5litliga Chesterton-betongbel\u00e4ggningar. Andra stora varum\u00e4rken \u00e4r Sika och Basf. Vi utf\u00f6r golvbel\u00e4ggningar som en nyckelf\u00e4rdig tj\u00e4nst. Vi v\u00e4ljer r\u00e4tt epoxi- eller PU-bel\u00e4ggning f\u00f6r jobbet och installerar [&hellip;]<\/p>\n","protected":false},"author":1,"featured_media":1447,"parent":1510,"menu_order":0,"comment_status":"closed","ping_status":"closed","template":"","meta":{"footnotes":""},"class_list":["post-1635","page","type-page","status-publish","has-post-thumbnail","hentry"],"_links":{"self":[{"href":"https:\/\/kotekservice.com\/sv\/wp-json\/wp\/v2\/pages\/1635","targetHints":{"allow":["GET"]}}],"collection":[{"href":"https:\/\/kotekservice.com\/sv\/wp-json\/wp\/v2\/pages"}],"about":[{"href":"https:\/\/kotekservice.com\/sv\/wp-json\/wp\/v2\/types\/page"}],"author":[{"embeddable":true,"href":"https:\/\/kotekservice.com\/sv\/wp-json\/wp\/v2\/users\/1"}],"replies":[{"embeddable":true,"href":"https:\/\/kotekservice.com\/sv\/wp-json\/wp\/v2\/comments?post=1635"}],"version-history":[{"count":9,"href":"https:\/\/kotekservice.com\/sv\/wp-json\/wp\/v2\/pages\/1635\/revisions"}],"predecessor-version":[{"id":2290,"href":"https:\/\/kotekservice.com\/sv\/wp-json\/wp\/v2\/pages\/1635\/revisions\/2290"}],"up":[{"embeddable":true,"href":"https:\/\/kotekservice.com\/sv\/wp-json\/wp\/v2\/pages\/1510"}],"wp:featuredmedia":[{"embeddable":true,"href":"https:\/\/kotekservice.com\/sv\/wp-json\/wp\/v2\/media\/1447"}],"wp:attachment":[{"href":"https:\/\/kotekservice.com\/sv\/wp-json\/wp\/v2\/media?parent=1635"}],"curies":[{"name":"wp","href":"https:\/\/api.w.org\/{rel}","templated":true}]}}