{"id":1522,"date":"2025-06-06T10:05:49","date_gmt":"2025-06-06T07:05:49","guid":{"rendered":"https:\/\/kotek.sivustamo.dev\/tjanster\/polyuretanbelaggningar\/"},"modified":"2025-07-15T15:06:49","modified_gmt":"2025-07-15T12:06:49","slug":"polyuretanbelaggningar","status":"publish","type":"page","link":"https:\/\/kotekservice.com\/sv\/tjanster\/polyuretanbelaggningar\/","title":{"rendered":"Polyuretanbel\u00e4ggningar"},"content":{"rendered":"\t\t<div data-elementor-type=\"wp-page\" data-elementor-id=\"1522\" class=\"elementor elementor-1522 elementor-813\" data-elementor-post-type=\"page\">\n\t\t\t\t<div class=\"elementor-element elementor-element-b42b116 e-con-full e-flex e-con e-parent\" data-id=\"b42b116\" data-element_type=\"container\" data-e-type=\"container\" data-settings=\"{&quot;jet_parallax_layout_list&quot;:[]}\">\n\t\t\t\t<div class=\"elementor-element elementor-element-cef0ee4 elementor-widget elementor-widget-template\" data-id=\"cef0ee4\" data-element_type=\"widget\" data-e-type=\"widget\" data-widget_type=\"template.default\">\n\t\t\t\t<div class=\"elementor-widget-container\">\n\t\t\t\t\t\t\t<div class=\"elementor-template\">\n\t\t\t\t\t<div data-elementor-type=\"container\" data-elementor-id=\"1545\" class=\"elementor elementor-1545 elementor-566 elementor-566\" data-elementor-post-type=\"elementor_library\">\n\t\t\t\t<div class=\"elementor-element elementor-element-66dcb6f2 osiopaddingtop e-flex e-con-boxed e-con e-parent\" data-id=\"66dcb6f2\" data-element_type=\"container\" data-e-type=\"container\" data-settings=\"{&quot;background_background&quot;:&quot;classic&quot;,&quot;jet_parallax_layout_list&quot;:[]}\">\n\t\t\t\t\t<div class=\"e-con-inner\">\n\t\t\t\t<div class=\"elementor-element elementor-element-1a3bbd9 jet-breadcrumbs-align-center elementor-widget elementor-widget-jet-breadcrumbs\" data-id=\"1a3bbd9\" data-element_type=\"widget\" data-e-type=\"widget\" data-widget_type=\"jet-breadcrumbs.default\">\n\t\t\t\t<div class=\"elementor-widget-container\">\n\t\t\t\t\t<div class=\"elementor-jet-breadcrumbs jet-blocks\">\n\t\t<div class=\"jet-breadcrumbs\">\n\t\t<div class=\"jet-breadcrumbs__content\">\n\t\t<div class=\"jet-breadcrumbs__wrap\"><div class=\"jet-breadcrumbs__item\"><a href=\"https:\/\/kotekservice.com\/sv\/\" class=\"jet-breadcrumbs__item-link is-home\" rel=\"home\" title=\"Startsida\">Startsida<\/a><\/div>\n\t\t<\/div>\n\t\t<\/div>\n\t\t<\/div><\/div>\t\t\t\t<\/div>\n\t\t\t\t<\/div>\n\t\t\t\t\t<\/div>\n\t\t\t\t<\/div>\n\t\t\t\t<\/div>\n\t\t\t\t<\/div>\n\t\t\t\t\t\t<\/div>\n\t\t\t\t<\/div>\n\t\t\t\t<\/div>\n\t\t<div class=\"elementor-element elementor-element-64ce9cd osiomargin e-flex e-con-boxed e-con e-parent\" data-id=\"64ce9cd\" data-element_type=\"container\" data-e-type=\"container\" data-settings=\"{&quot;jet_parallax_layout_list&quot;:[]}\">\n\t\t\t\t\t<div class=\"e-con-inner\">\n\t\t\t\t<div class=\"elementor-element elementor-element-e82c1e1 elementor-widget elementor-widget-text-editor\" data-id=\"e82c1e1\" data-element_type=\"widget\" data-e-type=\"widget\" data-widget_type=\"text-editor.default\">\n\t\t\t\t<div class=\"elementor-widget-container\">\n\t\t\t\t\t\t\t\t\t<p><strong data-start=\"632\" data-end=\"653\">Polyurea<\/strong> \u00e4r en s\u00f6ml\u00f6s och h\u00e5llbar bel\u00e4ggningsl\u00f6sning f\u00f6r industri- och byggtill\u00e4mpningar och anv\u00e4nds f\u00f6r vattent\u00e4tning, korrosionsskydd och slitstyrka. Kotek har levererat <strong data-start=\"763\" data-end=\"787\">polyureabel\u00e4ggningar<\/strong> sedan 2016 - kundspecifika och l\u00e5nglivade.   <\/p>\t\t\t\t\t\t\t\t<\/div>\n\t\t\t\t<\/div>\n\t\t\t\t\t<\/div>\n\t\t\t\t<\/div>\n\t\t<div class=\"elementor-element elementor-element-9925d0e osiopadding e-flex e-con-boxed e-con e-parent\" data-id=\"9925d0e\" data-element_type=\"container\" data-e-type=\"container\" data-settings=\"{&quot;background_background&quot;:&quot;classic&quot;,&quot;jet_parallax_layout_list&quot;:[]}\">\n\t\t\t\t\t<div class=\"e-con-inner\">\n\t\t\t\t<div class=\"elementor-element elementor-element-5366c94 elementor-widget elementor-widget-heading\" data-id=\"5366c94\" data-element_type=\"widget\" data-e-type=\"widget\" data-widget_type=\"heading.default\">\n\t\t\t\t<div class=\"elementor-widget-container\">\n\t\t\t\t\t<h2 class=\"elementor-heading-title elementor-size-default\">Till\u00e4mpningar och f\u00f6rdelar med polyureabel\u00e4ggning<\/h2>\t\t\t\t<\/div>\n\t\t\t\t<\/div>\n\t\t\t\t<div class=\"elementor-element elementor-element-ec818ab elementor-widget elementor-widget-text-editor\" data-id=\"ec818ab\" data-element_type=\"widget\" data-e-type=\"widget\" data-widget_type=\"text-editor.default\">\n\t\t\t\t<div class=\"elementor-widget-container\">\n\t\t\t\t\t\t\t\t\t<p>Anv\u00e4ndningsomr\u00e5den f\u00f6r polyrecoating \u00e4r bland annat industriella och institutionella tankar. F\u00f6rdelarna med polyurea \u00e4r bland annat sprutbarheten, som ger en s\u00f6ml\u00f6s, h\u00e5llbar och kemikaliebest\u00e4ndig yta. <\/p><p>Polyurea \u00e4r ocks\u00e5 perfekt f\u00f6r takrenovering. Det kan anv\u00e4ndas som bel\u00e4ggning p\u00e5 pl\u00e5t-, filt- och minerittak och kan till och med halvera kostnaden f\u00f6r takrenovering. Slutresultatet blir ett vattent\u00e4tt och l\u00e4ckages\u00e4kert tak. Polyureabel\u00e4ggning \u00e4r ocks\u00e5 ett effektivt t\u00e4tskikt f\u00f6r socklar, uppfartsd\u00e4ck och g\u00e5ngv\u00e4gar. Det kan anv\u00e4ndas i industriella konstruktioner d\u00e4r det kr\u00e4vs en s\u00f6ml\u00f6s och vattent\u00e4t t\u00e4tning.    <\/p><p>Polyurea-bel\u00e4ggningen ger ett l\u00e5ngsiktigt skydd mot korrosion, st\u00f6tar, n\u00f6tning och f\u00f6rtida slitage. Den har en f\u00f6rv\u00e4ntad livsl\u00e4ngd p\u00e5 minst 25 \u00e5r.<\/p>\t\t\t\t\t\t\t\t<\/div>\n\t\t\t\t<\/div>\n\t\t\t\t\t<\/div>\n\t\t\t\t<\/div>\n\t\t<div class=\"elementor-element elementor-element-af104c0 osiomargin e-flex e-con-boxed e-con e-parent\" data-id=\"af104c0\" data-element_type=\"container\" data-e-type=\"container\" data-settings=\"{&quot;jet_parallax_layout_list&quot;:[]}\">\n\t\t\t\t\t<div class=\"e-con-inner\">\n\t\t\t\t<div class=\"elementor-element elementor-element-07cff3b elementor-widget elementor-widget-heading\" data-id=\"07cff3b\" data-element_type=\"widget\" data-e-type=\"widget\" data-widget_type=\"heading.default\">\n\t\t\t\t<div class=\"elementor-widget-container\">\n\t\t\t\t\t<h2 class=\"elementor-heading-title elementor-size-default\">Polyurea-bel\u00e4ggning torkar p\u00e5 upp till 10 sekunder<\/h2>\t\t\t\t<\/div>\n\t\t\t\t<\/div>\n\t\t\t\t<div class=\"elementor-element elementor-element-b3e8443 elementor-widget elementor-widget-text-editor\" data-id=\"b3e8443\" data-element_type=\"widget\" data-e-type=\"widget\" data-widget_type=\"text-editor.default\">\n\t\t\t\t<div class=\"elementor-widget-container\">\n\t\t\t\t\t\t\t\t\t<p>Polyureabel\u00e4ggningen torkar snabbt och blir ber\u00f6ringstorkad p\u00e5 upp till 10 sekunder. Bel\u00e4ggningen \u00e4r motst\u00e5ndskraftig mot regn och g\u00e5ngtrafik inom n\u00e5gra minuter efter applicering. Tack vare den snabba torktiden kan stora ytor behandlas p\u00e5 en dag - upp till \u00f6ver 1000 kvadratmeter per dag. Detta g\u00f6r polyrecoating till en utm\u00e4rkt l\u00f6sning f\u00f6r stora anl\u00e4ggningar d\u00e4r snabbhet och minimering av stillest\u00e5ndstider \u00e4r viktigt.<\/p>\t\t\t\t\t\t\t\t<\/div>\n\t\t\t\t<\/div>\n\t\t\t\t\t<\/div>\n\t\t\t\t<\/div>\n\t\t<div class=\"elementor-element elementor-element-6896ccd osiopadding e-flex e-con-boxed e-con e-parent\" data-id=\"6896ccd\" data-element_type=\"container\" data-e-type=\"container\" data-settings=\"{&quot;background_background&quot;:&quot;classic&quot;,&quot;jet_parallax_layout_list&quot;:[]}\">\n\t\t\t\t\t<div class=\"e-con-inner\">\n\t\t\t\t<div class=\"elementor-element elementor-element-d01394c elementor-widget elementor-widget-heading\" data-id=\"d01394c\" data-element_type=\"widget\" data-e-type=\"widget\" data-widget_type=\"heading.default\">\n\t\t\t\t<div class=\"elementor-widget-container\">\n\t\t\t\t\t<h2 class=\"elementor-heading-title elementor-size-default\">Polyureabel\u00e4ggning f\u00f6r parkeringsd\u00e4ck\n<\/h2>\t\t\t\t<\/div>\n\t\t\t\t<\/div>\n\t\t\t\t<div class=\"elementor-element elementor-element-e44bf8b elementor-widget elementor-widget-text-editor\" data-id=\"e44bf8b\" data-element_type=\"widget\" data-e-type=\"widget\" data-widget_type=\"text-editor.default\">\n\t\t\t\t<div class=\"elementor-widget-container\">\n\t\t\t\t\t\t\t\t\t<p>Polyurea \u00e4r ett modernt bel\u00e4ggningsmaterial som erbjuder m\u00e5nga f\u00f6rdelar n\u00e4r det g\u00e4ller skydd och restaurering av parkeringsd\u00e4ck och g\u00e5rdsd\u00e4ck. Dess fr\u00e4msta f\u00f6rdelar \u00e4r utm\u00e4rkt kemisk och fysikalisk best\u00e4ndighet, snabb h\u00e4rdningstid och l\u00e5ng livsl\u00e4ngd, vilket g\u00f6r den till ett utm\u00e4rkt val f\u00f6r kr\u00e4vande f\u00f6rh\u00e5llanden.<\/p><ul><li>Polyureas kemiska sammans\u00e4ttning g\u00f6r den mycket motst\u00e5ndskraftig mot olika kemikalier, olja, fett och m\u00e5nga andra \u00e4mnen som kan finnas p\u00e5 parkeringsplatser och g\u00e5rdar. Denna egenskap \u00e4r viktig eftersom den skyddar det belagda omr\u00e5det fr\u00e5n skador och fl\u00e4ckar som kan \u00e4ventyra konstruktionens integritet och utseende.<br><br><\/li><li>Polyurea-bel\u00e4ggningen h\u00e4rdar mycket snabbt, till och med inom n\u00e5gra minuter, vilket minskar stillest\u00e5ndstiden f\u00f6r applikationen. Detta \u00e4r en betydande f\u00f6rdel, s\u00e4rskilt i kommersiella byggnader och andra omr\u00e5den d\u00e4r str\u00f6mavbrott kan orsaka betydande ol\u00e4genheter och kostnader. Den snabba h\u00e4rdningen g\u00f6r ocks\u00e5 att bel\u00e4ggningen kan appliceras under varierande v\u00e4derf\u00f6rh\u00e5llanden, vilket f\u00f6rl\u00e4nger tidsf\u00f6nstret inom vilket arbetet kan utf\u00f6ras.<br><br><\/li><li>Polyureabel\u00e4ggningens mekaniska best\u00e4ndighet \u00e4r utm\u00e4rkt. Det \u00e4r mycket motst\u00e5ndskraftigt mot n\u00f6tning, st\u00f6tar och st\u00e4ndig trafik, vilket \u00e4r viktigt f\u00f6r parkeringsd\u00e4ck och uppfartsd\u00e4ck som st\u00e4ndigt uts\u00e4tts f\u00f6r mekanisk p\u00e5frestning. Dessutom g\u00f6r dess flexibilitet att den kan expandera och dra ihop sig vid temperaturf\u00f6r\u00e4ndringar utan att bel\u00e4ggningen spricker eller skadas.<br><br><\/li><li>Polyureas ogenomtr\u00e4nglighet skyddar konstruktioner fr\u00e5n vattenintr\u00e4ngning, vilket \u00e4r s\u00e4rskilt viktigt f\u00f6r parkeringsd\u00e4ck och uppfartsd\u00e4ck d\u00e4r vattenintr\u00e4ngning kan orsaka allvarliga skador p\u00e5 konstruktionerna. Denna egenskap bidrar till att f\u00f6rhindra fuktinducerad korrosion och betongf\u00f6rs\u00e4mring, vilket f\u00f6rl\u00e4nger konstruktionens livsl\u00e4ngd.<br><br><\/li><li>De estetiska egenskaperna hos polyureabel\u00e4ggningar \u00e4r ocks\u00e5 mycket m\u00e5ngsidiga. Den finns i en rad olika f\u00e4rger och ytbehandlingen kan skr\u00e4ddarsys efter kundens \u00f6nskem\u00e5l - oavsett om det \u00e4r en grov, halkfri yta eller en sl\u00e4t, blank yta. <\/li><\/ul><p>Sammanfattningsvis g\u00f6r de egenskaper som polyurea erbjuder, t.ex. kemisk och fysisk best\u00e4ndighet, snabb h\u00e4rdningstid, mekanisk best\u00e4ndighet, vattenbest\u00e4ndighet och estetisk m\u00e5ngsidighet, det till ett utm\u00e4rkt val f\u00f6r skydd och restaurering av parkeringsd\u00e4ck och g\u00e5rdsd\u00e4ck. Den ger ett l\u00e5ngsiktigt skydd och minskar behovet av underh\u00e5ll, vilket g\u00f6r den till en kostnadseffektiv l\u00f6sning f\u00f6r ett brett spektrum av applikationer.<\/p>\t\t\t\t\t\t\t\t<\/div>\n\t\t\t\t<\/div>\n\t\t\t\t\t<\/div>\n\t\t\t\t<\/div>\n\t\t<div class=\"elementor-element elementor-element-db88597 osiomargin e-flex e-con-boxed e-con e-parent\" data-id=\"db88597\" data-element_type=\"container\" data-e-type=\"container\" data-settings=\"{&quot;jet_parallax_layout_list&quot;:[]}\">\n\t\t\t\t\t<div class=\"e-con-inner\">\n\t\t<div class=\"elementor-element elementor-element-bd1b1b8 e-grid e-con-full e-con e-child\" data-id=\"bd1b1b8\" data-element_type=\"container\" data-e-type=\"container\" data-settings=\"{&quot;jet_parallax_layout_list&quot;:[]}\">\n\t\t<div class=\"elementor-element elementor-element-2e9bf5f e-con-full e-flex e-con e-child\" data-id=\"2e9bf5f\" data-element_type=\"container\" data-e-type=\"container\" data-settings=\"{&quot;jet_parallax_layout_list&quot;:[]}\">\n\t\t\t\t<div class=\"elementor-element elementor-element-699b0c4 elementor-widget elementor-widget-image\" data-id=\"699b0c4\" data-element_type=\"widget\" data-e-type=\"widget\" data-widget_type=\"image.default\">\n\t\t\t\t<div class=\"elementor-widget-container\">\n\t\t\t\t\t\t\t\t\t\t\t\t\t\t\t<img fetchpriority=\"high\" decoding=\"async\" width=\"400\" height=\"250\" src=\"https:\/\/kotekservice.com\/wp-content\/uploads\/2025\/07\/polyureapinnoitus-kuormalava-teollisuus.jpg\" class=\"attachment-1536x1536 size-1536x1536 wp-image-1901\" alt=\"Polyureapinnoitus teollisuuden kuormalavaan ja kulutuskohteisiin\" srcset=\"https:\/\/kotekservice.com\/wp-content\/uploads\/2025\/07\/polyureapinnoitus-kuormalava-teollisuus.jpg 400w, https:\/\/kotekservice.com\/wp-content\/uploads\/2025\/07\/polyureapinnoitus-kuormalava-teollisuus-300x188.jpg 300w\" sizes=\"(max-width: 400px) 100vw, 400px\" \/>\t\t\t\t\t\t\t\t\t\t\t\t\t\t\t<\/div>\n\t\t\t\t<\/div>\n\t\t<div class=\"elementor-element elementor-element-8bb3399 e-con-full e-flex e-con e-child\" data-id=\"8bb3399\" data-element_type=\"container\" data-e-type=\"container\" data-settings=\"{&quot;jet_parallax_layout_list&quot;:[]}\">\n\t\t\t\t<div class=\"elementor-element elementor-element-09d9e2c elementor-widget elementor-widget-text-editor\" data-id=\"09d9e2c\" data-element_type=\"widget\" data-e-type=\"widget\" data-widget_type=\"text-editor.default\">\n\t\t\t\t<div class=\"elementor-widget-container\">\n\t\t\t\t\t\t\t\t\t<p>Polyurea kan anv\u00e4ndas i ett brett spektrum av applikationer, fr\u00e5n tak till h\u00e5rt slitande omr\u00e5den inom industrin, liksom i trampytan p\u00e5 olika typer av pallar.  <\/p>\t\t\t\t\t\t\t\t<\/div>\n\t\t\t\t<\/div>\n\t\t\t\t<\/div>\n\t\t\t\t<\/div>\n\t\t<div class=\"elementor-element elementor-element-38f7dd6 e-con-full e-flex e-con e-child\" data-id=\"38f7dd6\" data-element_type=\"container\" data-e-type=\"container\" data-settings=\"{&quot;jet_parallax_layout_list&quot;:[]}\">\n\t\t\t\t<div class=\"elementor-element elementor-element-b693a5f elementor-widget elementor-widget-image\" data-id=\"b693a5f\" data-element_type=\"widget\" data-e-type=\"widget\" data-widget_type=\"image.default\">\n\t\t\t\t<div class=\"elementor-widget-container\">\n\t\t\t\t\t\t\t\t\t\t\t\t\t\t\t<img decoding=\"async\" width=\"400\" height=\"250\" src=\"https:\/\/kotekservice.com\/wp-content\/uploads\/2025\/07\/polyureapinnoitus-katto-ruiskutus.jpg\" class=\"attachment-1536x1536 size-1536x1536 wp-image-1904\" alt=\"Polyureapinnoite ruiskutetaan katolle\" srcset=\"https:\/\/kotekservice.com\/wp-content\/uploads\/2025\/07\/polyureapinnoitus-katto-ruiskutus.jpg 400w, https:\/\/kotekservice.com\/wp-content\/uploads\/2025\/07\/polyureapinnoitus-katto-ruiskutus-300x188.jpg 300w\" sizes=\"(max-width: 400px) 100vw, 400px\" \/>\t\t\t\t\t\t\t\t\t\t\t\t\t\t\t<\/div>\n\t\t\t\t<\/div>\n\t\t<div class=\"elementor-element elementor-element-e525d0d e-con-full e-flex e-con e-child\" data-id=\"e525d0d\" data-element_type=\"container\" data-e-type=\"container\" data-settings=\"{&quot;jet_parallax_layout_list&quot;:[]}\">\n\t\t\t\t<div class=\"elementor-element elementor-element-59e01a1 elementor-widget elementor-widget-text-editor\" data-id=\"59e01a1\" data-element_type=\"widget\" data-e-type=\"widget\" data-widget_type=\"text-editor.default\">\n\t\t\t\t<div class=\"elementor-widget-container\">\n\t\t\t\t\t\t\t\t\t<p>En polyuretanbel\u00e4ggning f\u00f6r filt-, papp- och minerittak halverar kostnaden f\u00f6r takrenovering.<\/p>\t\t\t\t\t\t\t\t<\/div>\n\t\t\t\t<\/div>\n\t\t\t\t<\/div>\n\t\t\t\t<\/div>\n\t\t<div class=\"elementor-element elementor-element-bafd866 e-con-full e-flex e-con e-child\" data-id=\"bafd866\" data-element_type=\"container\" data-e-type=\"container\" data-settings=\"{&quot;jet_parallax_layout_list&quot;:[]}\">\n\t\t\t\t<div class=\"elementor-element elementor-element-f54ec98 elementor-widget elementor-widget-image\" data-id=\"f54ec98\" data-element_type=\"widget\" data-e-type=\"widget\" data-widget_type=\"image.default\">\n\t\t\t\t<div class=\"elementor-widget-container\">\n\t\t\t\t\t\t\t\t\t\t\t\t\t\t\t<img decoding=\"async\" width=\"400\" height=\"250\" src=\"https:\/\/kotekservice.com\/wp-content\/uploads\/2025\/07\/mineriittikatto-polyureapinnoitus.jpg\" class=\"attachment-1536x1536 size-1536x1536 wp-image-1907\" alt=\"Polyurealla pinnoitettu mineriittikatto kest\u00e4\u00e4 s\u00e4\u00e4rasitusta\" srcset=\"https:\/\/kotekservice.com\/wp-content\/uploads\/2025\/07\/mineriittikatto-polyureapinnoitus.jpg 400w, https:\/\/kotekservice.com\/wp-content\/uploads\/2025\/07\/mineriittikatto-polyureapinnoitus-300x188.jpg 300w\" sizes=\"(max-width: 400px) 100vw, 400px\" \/>\t\t\t\t\t\t\t\t\t\t\t\t\t\t\t<\/div>\n\t\t\t\t<\/div>\n\t\t<div class=\"elementor-element elementor-element-dd59e32 e-con-full e-flex e-con e-child\" data-id=\"dd59e32\" data-element_type=\"container\" data-e-type=\"container\" data-settings=\"{&quot;jet_parallax_layout_list&quot;:[]}\">\n\t\t\t\t<div class=\"elementor-element elementor-element-b2ae233 elementor-widget elementor-widget-text-editor\" data-id=\"b2ae233\" data-element_type=\"widget\" data-e-type=\"widget\" data-widget_type=\"text-editor.default\">\n\t\t\t\t<div class=\"elementor-widget-container\">\n\t\t\t\t\t\t\t\t\t<p>Polyuretanbel\u00e4ggningen p\u00e5 ett minerittak ger ett effektivt skydd mot v\u00e4derp\u00e5frestningar och f\u00f6rl\u00e4nger takets livsl\u00e4ngd med upp till flera decennier.<\/p>\t\t\t\t\t\t\t\t<\/div>\n\t\t\t\t<\/div>\n\t\t\t\t<\/div>\n\t\t\t\t<\/div>\n\t\t<div class=\"elementor-element elementor-element-9cbe0d6 e-con-full e-flex e-con e-child\" data-id=\"9cbe0d6\" data-element_type=\"container\" data-e-type=\"container\" data-settings=\"{&quot;jet_parallax_layout_list&quot;:[]}\">\n\t\t\t\t<div class=\"elementor-element elementor-element-c8e17d3 elementor-widget elementor-widget-image\" data-id=\"c8e17d3\" data-element_type=\"widget\" data-e-type=\"widget\" data-widget_type=\"image.default\">\n\t\t\t\t<div class=\"elementor-widget-container\">\n\t\t\t\t\t\t\t\t\t\t\t\t\t\t\t<img loading=\"lazy\" decoding=\"async\" width=\"400\" height=\"250\" src=\"https:\/\/kotekservice.com\/wp-content\/uploads\/2025\/07\/tehdaskatto-polyureapinnoitus.jpg\" class=\"attachment-1536x1536 size-1536x1536 wp-image-1910\" alt=\"Suuren tehdaskaton polyureapinnoitus suojaa kosteudelta ja j\u00e4\u00e4tymiselt\u00e4\" srcset=\"https:\/\/kotekservice.com\/wp-content\/uploads\/2025\/07\/tehdaskatto-polyureapinnoitus.jpg 400w, https:\/\/kotekservice.com\/wp-content\/uploads\/2025\/07\/tehdaskatto-polyureapinnoitus-300x188.jpg 300w\" sizes=\"(max-width: 400px) 100vw, 400px\" \/>\t\t\t\t\t\t\t\t\t\t\t\t\t\t\t<\/div>\n\t\t\t\t<\/div>\n\t\t<div class=\"elementor-element elementor-element-cab5376 e-con-full e-flex e-con e-child\" data-id=\"cab5376\" data-element_type=\"container\" data-e-type=\"container\" data-settings=\"{&quot;jet_parallax_layout_list&quot;:[]}\">\n\t\t\t\t<div class=\"elementor-element elementor-element-b3c8eae elementor-widget elementor-widget-text-editor\" data-id=\"b3c8eae\" data-element_type=\"widget\" data-e-type=\"widget\" data-widget_type=\"text-editor.default\">\n\t\t\t\t<div class=\"elementor-widget-container\">\n\t\t\t\t\t\t\t\t\t<p>Omfattande fabrikstak kan skyddas s\u00f6ml\u00f6st med polyurea - skydd mot kemikalier, frysning och korrosion i en enda behandling.<\/p>\t\t\t\t\t\t\t\t<\/div>\n\t\t\t\t<\/div>\n\t\t\t\t<\/div>\n\t\t\t\t<\/div>\n\t\t<div class=\"elementor-element elementor-element-854c186 e-con-full e-flex e-con e-child\" data-id=\"854c186\" data-element_type=\"container\" data-e-type=\"container\" data-settings=\"{&quot;jet_parallax_layout_list&quot;:[]}\">\n\t\t\t\t<div class=\"elementor-element elementor-element-d3a5b96 elementor-widget elementor-widget-image\" data-id=\"d3a5b96\" data-element_type=\"widget\" data-e-type=\"widget\" data-widget_type=\"image.default\">\n\t\t\t\t<div class=\"elementor-widget-container\">\n\t\t\t\t\t\t\t\t\t\t\t\t\t\t\t<img loading=\"lazy\" decoding=\"async\" width=\"400\" height=\"250\" src=\"https:\/\/kotekservice.com\/wp-content\/uploads\/2025\/07\/sailio-polyureapinnoite-teollisuus.jpg\" class=\"attachment-1536x1536 size-1536x1536 wp-image-1913\" alt=\"Polyureapinnoite teollisuuss\u00e4ili\u00f6n sis\u00e4pintaan\" srcset=\"https:\/\/kotekservice.com\/wp-content\/uploads\/2025\/07\/sailio-polyureapinnoite-teollisuus.jpg 400w, https:\/\/kotekservice.com\/wp-content\/uploads\/2025\/07\/sailio-polyureapinnoite-teollisuus-300x188.jpg 300w\" sizes=\"(max-width: 400px) 100vw, 400px\" \/>\t\t\t\t\t\t\t\t\t\t\t\t\t\t\t<\/div>\n\t\t\t\t<\/div>\n\t\t<div class=\"elementor-element elementor-element-beabadd e-con-full e-flex e-con e-child\" data-id=\"beabadd\" data-element_type=\"container\" data-e-type=\"container\" data-settings=\"{&quot;jet_parallax_layout_list&quot;:[]}\">\n\t\t\t\t<div class=\"elementor-element elementor-element-114cdaf elementor-widget elementor-widget-text-editor\" data-id=\"114cdaf\" data-element_type=\"widget\" data-e-type=\"widget\" data-widget_type=\"text-editor.default\">\n\t\t\t\t<div class=\"elementor-widget-container\">\n\t\t\t\t\t\t\t\t\t<p>Polyurea \u00e4r l\u00e4mplig f\u00f6r anv\u00e4ndning som en p\u00e5litlig tankbel\u00e4ggning inom industri och installationer.<\/p>\t\t\t\t\t\t\t\t<\/div>\n\t\t\t\t<\/div>\n\t\t\t\t<\/div>\n\t\t\t\t<\/div>\n\t\t<div class=\"elementor-element elementor-element-1538c79 e-con-full e-flex e-con e-child\" data-id=\"1538c79\" data-element_type=\"container\" data-e-type=\"container\" data-settings=\"{&quot;jet_parallax_layout_list&quot;:[]}\">\n\t\t\t\t<div class=\"elementor-element elementor-element-2018793 elementor-widget elementor-widget-image\" data-id=\"2018793\" data-element_type=\"widget\" data-e-type=\"widget\" data-widget_type=\"image.default\">\n\t\t\t\t<div class=\"elementor-widget-container\">\n\t\t\t\t\t\t\t\t\t\t\t\t\t\t\t<img loading=\"lazy\" decoding=\"async\" width=\"400\" height=\"250\" src=\"https:\/\/kotekservice.com\/wp-content\/uploads\/2025\/07\/ulkopinta-kestava-polyureapinnoitus.jpg\" class=\"attachment-1536x1536 size-1536x1536 wp-image-1916\" alt=\"Kest\u00e4v\u00e4 polyureapinnoite ulkobetonipintaan\" srcset=\"https:\/\/kotekservice.com\/wp-content\/uploads\/2025\/07\/ulkopinta-kestava-polyureapinnoitus.jpg 400w, https:\/\/kotekservice.com\/wp-content\/uploads\/2025\/07\/ulkopinta-kestava-polyureapinnoitus-300x188.jpg 300w\" sizes=\"(max-width: 400px) 100vw, 400px\" \/>\t\t\t\t\t\t\t\t\t\t\t\t\t\t\t<\/div>\n\t\t\t\t<\/div>\n\t\t<div class=\"elementor-element elementor-element-b607a81 e-con-full e-flex e-con e-child\" data-id=\"b607a81\" data-element_type=\"container\" data-e-type=\"container\" data-settings=\"{&quot;jet_parallax_layout_list&quot;:[]}\">\n\t\t\t\t<div class=\"elementor-element elementor-element-2bd2572 elementor-widget elementor-widget-text-editor\" data-id=\"2bd2572\" data-element_type=\"widget\" data-e-type=\"widget\" data-widget_type=\"text-editor.default\">\n\t\t\t\t<div class=\"elementor-widget-container\">\n\t\t\t\t\t\t\t\t\t<p>Slitstark och UV-skyddad polyureabel\u00e4ggning f\u00f6rb\u00e4ttrar livsl\u00e4ngden p\u00e5 betongytor och f\u00f6rhindrar sprickbildning vid utomhusbruk.<\/p>\t\t\t\t\t\t\t\t<\/div>\n\t\t\t\t<\/div>\n\t\t\t\t<\/div>\n\t\t\t\t<\/div>\n\t\t\t\t<\/div>\n\t\t\t\t\t<\/div>\n\t\t\t\t<\/div>\n\t\t\t\t<\/div>\n\t\t","protected":false},"excerpt":{"rendered":"<p>Polyurea \u00e4r en s\u00f6ml\u00f6s och h\u00e5llbar bel\u00e4ggningsl\u00f6sning f\u00f6r industri- och byggtill\u00e4mpningar och anv\u00e4nds f\u00f6r vattent\u00e4tning, korrosionsskydd och slitstyrka. Kotek har levererat polyureabel\u00e4ggningar sedan 2016 - kundspecifika och l\u00e5nglivade. Till\u00e4mpningar och f\u00f6rdelar med polyureabel\u00e4ggning Anv\u00e4ndningsomr\u00e5den f\u00f6r polyrecoating \u00e4r bland annat industriella och institutionella tankar. F\u00f6rdelarna med polyurea \u00e4r bland annat sprutbarheten, som ger en s\u00f6ml\u00f6s, h\u00e5llbar [&hellip;]<\/p>\n","protected":false},"author":1,"featured_media":1447,"parent":1510,"menu_order":0,"comment_status":"closed","ping_status":"closed","template":"","meta":{"footnotes":""},"class_list":["post-1522","page","type-page","status-publish","has-post-thumbnail","hentry"],"_links":{"self":[{"href":"https:\/\/kotekservice.com\/sv\/wp-json\/wp\/v2\/pages\/1522","targetHints":{"allow":["GET"]}}],"collection":[{"href":"https:\/\/kotekservice.com\/sv\/wp-json\/wp\/v2\/pages"}],"about":[{"href":"https:\/\/kotekservice.com\/sv\/wp-json\/wp\/v2\/types\/page"}],"author":[{"embeddable":true,"href":"https:\/\/kotekservice.com\/sv\/wp-json\/wp\/v2\/users\/1"}],"replies":[{"embeddable":true,"href":"https:\/\/kotekservice.com\/sv\/wp-json\/wp\/v2\/comments?post=1522"}],"version-history":[{"count":4,"href":"https:\/\/kotekservice.com\/sv\/wp-json\/wp\/v2\/pages\/1522\/revisions"}],"predecessor-version":[{"id":1921,"href":"https:\/\/kotekservice.com\/sv\/wp-json\/wp\/v2\/pages\/1522\/revisions\/1921"}],"up":[{"embeddable":true,"href":"https:\/\/kotekservice.com\/sv\/wp-json\/wp\/v2\/pages\/1510"}],"wp:featuredmedia":[{"embeddable":true,"href":"https:\/\/kotekservice.com\/sv\/wp-json\/wp\/v2\/media\/1447"}],"wp:attachment":[{"href":"https:\/\/kotekservice.com\/sv\/wp-json\/wp\/v2\/media?parent=1522"}],"curies":[{"name":"wp","href":"https:\/\/api.w.org\/{rel}","templated":true}]}}