{"id":1474,"date":"2025-06-09T13:36:16","date_gmt":"2025-06-09T10:36:16","guid":{"rendered":"https:\/\/kotek.sivustamo.dev\/malningstjanster\/"},"modified":"2025-12-10T14:43:58","modified_gmt":"2025-12-10T12:43:58","slug":"malningstjanster","status":"publish","type":"page","link":"https:\/\/kotekservice.com\/sv\/tjanster\/malningstjanster\/","title":{"rendered":"M\u00e5lning av st\u00e5lkonstruktioner"},"content":{"rendered":"\t\t<div data-elementor-type=\"wp-page\" data-elementor-id=\"1474\" class=\"elementor elementor-1474 elementor-1030\" data-elementor-post-type=\"page\">\n\t\t\t\t<div class=\"elementor-element elementor-element-b42b116 e-con-full e-flex e-con e-parent\" data-id=\"b42b116\" data-element_type=\"container\" data-e-type=\"container\" data-settings=\"{&quot;jet_parallax_layout_list&quot;:[]}\">\n\t\t\t\t<div class=\"elementor-element elementor-element-cef0ee4 elementor-widget elementor-widget-template\" data-id=\"cef0ee4\" data-element_type=\"widget\" data-e-type=\"widget\" data-widget_type=\"template.default\">\n\t\t\t\t<div class=\"elementor-widget-container\">\n\t\t\t\t\t\t\t<div class=\"elementor-template\">\n\t\t\t\t\t<div data-elementor-type=\"container\" data-elementor-id=\"1545\" class=\"elementor elementor-1545 elementor-566 elementor-566\" data-elementor-post-type=\"elementor_library\">\n\t\t\t\t<div class=\"elementor-element elementor-element-66dcb6f2 osiopaddingtop e-flex e-con-boxed e-con e-parent\" data-id=\"66dcb6f2\" data-element_type=\"container\" data-e-type=\"container\" data-settings=\"{&quot;background_background&quot;:&quot;classic&quot;,&quot;jet_parallax_layout_list&quot;:[]}\">\n\t\t\t\t\t<div class=\"e-con-inner\">\n\t\t\t\t<div class=\"elementor-element elementor-element-1a3bbd9 jet-breadcrumbs-align-center elementor-widget elementor-widget-jet-breadcrumbs\" data-id=\"1a3bbd9\" data-element_type=\"widget\" data-e-type=\"widget\" data-widget_type=\"jet-breadcrumbs.default\">\n\t\t\t\t<div class=\"elementor-widget-container\">\n\t\t\t\t\t<div class=\"elementor-jet-breadcrumbs jet-blocks\">\n\t\t<div class=\"jet-breadcrumbs\">\n\t\t<div class=\"jet-breadcrumbs__content\">\n\t\t<div class=\"jet-breadcrumbs__wrap\"><div class=\"jet-breadcrumbs__item\"><a href=\"https:\/\/kotekservice.com\/sv\/\" class=\"jet-breadcrumbs__item-link is-home\" rel=\"home\" title=\"Startsida\">Startsida<\/a><\/div>\n\t\t<\/div>\n\t\t<\/div>\n\t\t<\/div><\/div>\t\t\t\t<\/div>\n\t\t\t\t<\/div>\n\t\t\t\t\t<\/div>\n\t\t\t\t<\/div>\n\t\t\t\t<\/div>\n\t\t\t\t<\/div>\n\t\t\t\t\t\t<\/div>\n\t\t\t\t<\/div>\n\t\t\t\t<\/div>\n\t\t<div class=\"elementor-element elementor-element-2102612 osiomargin e-flex e-con-boxed e-con e-parent\" data-id=\"2102612\" data-element_type=\"container\" data-e-type=\"container\" data-settings=\"{&quot;jet_parallax_layout_list&quot;:[]}\">\n\t\t\t\t\t<div class=\"e-con-inner\">\n\t\t\t\t<div class=\"elementor-element elementor-element-f8cacdb elementor-widget elementor-widget-heading\" data-id=\"f8cacdb\" data-element_type=\"widget\" data-e-type=\"widget\" data-widget_type=\"heading.default\">\n\t\t\t\t<div class=\"elementor-widget-container\">\n\t\t\t\t\t<h2 class=\"elementor-heading-title elementor-size-default\">M\u00e5lning av industriella st\u00e5lkonstruktioner  <\/h2>\t\t\t\t<\/div>\n\t\t\t\t<\/div>\n\t\t\t\t<div class=\"elementor-element elementor-element-5252ad1 elementor-widget elementor-widget-text-editor\" data-id=\"5252ad1\" data-element_type=\"widget\" data-e-type=\"widget\" data-widget_type=\"text-editor.default\">\n\t\t\t\t<div class=\"elementor-widget-container\">\n\t\t\t\t\t\t\t\t\t<p data-start=\"618\" data-end=\"998\">Kotek utf\u00f6r m\u00e5lning <strong data-start=\"400\" data-end=\"449\">och bl\u00e4string av st\u00e5lkonstruktioner<\/strong> f\u00f6r industriella till\u00e4mpningar b\u00e5de i det egna industriella m\u00e5leriet och p\u00e5 kundanl\u00e4ggningar runt om i Finland. Tj\u00e4nsten omfattar ytbehandling, bl\u00e4string, slipning och m\u00e5lning. M\u00e5lning av st\u00e5lkonstruktioner f\u00f6rl\u00e4nger konstruktionernas livsl\u00e4ngd, f\u00f6rb\u00e4ttrar korrosionsskyddet och minskar underh\u00e5llskostnaderna.  <\/p>\t\t\t\t\t\t\t\t<\/div>\n\t\t\t\t<\/div>\n\t\t\t\t\t<\/div>\n\t\t\t\t<\/div>\n\t\t<div class=\"elementor-element elementor-element-9925d0e osiopadding e-flex e-con-boxed e-con e-parent\" data-id=\"9925d0e\" data-element_type=\"container\" data-e-type=\"container\" data-settings=\"{&quot;background_background&quot;:&quot;classic&quot;,&quot;jet_parallax_layout_list&quot;:[]}\">\n\t\t\t\t\t<div class=\"e-con-inner\">\n\t\t\t\t<div class=\"elementor-element elementor-element-5366c94 elementor-widget elementor-widget-heading\" data-id=\"5366c94\" data-element_type=\"widget\" data-e-type=\"widget\" data-widget_type=\"heading.default\">\n\t\t\t\t<div class=\"elementor-widget-container\">\n\t\t\t\t\t<h2 class=\"elementor-heading-title elementor-size-default\">M\u00e5lning av st\u00e5lkonstruktioner i v\u00e5r egen industriella m\u00e5lningsverkstad<\/h2>\t\t\t\t<\/div>\n\t\t\t\t<\/div>\n\t\t\t\t<div class=\"elementor-element elementor-element-ec818ab elementor-widget elementor-widget-text-editor\" data-id=\"ec818ab\" data-element_type=\"widget\" data-e-type=\"widget\" data-widget_type=\"text-editor.default\">\n\t\t\t\t<div class=\"elementor-widget-container\">\n\t\t\t\t\t\t\t\t\t<p data-start=\"1103\" data-end=\"1368\">Vi har ett <strong data-start=\"1118\" data-end=\"1153\">modernt industriellt<\/strong> m\u00e5leri som l\u00e4mpar sig f\u00f6r m\u00e5lning av kr\u00e4vande och stora st\u00e5lkonstruktioner. V\u00e5r sprutbox m\u00e4ter 12 \u00d7 9 m och den fria h\u00f6jden p\u00e5 d\u00f6rrarna \u00f6verstiger 6 m. Den totala ytan p\u00e5 boxen och behandlingsrummen \u00e4r 1 500 m\u00b2.  <\/p>\n<p data-start=\"1103\" data-end=\"1368\"><strong>Gravitationsbl\u00e4string<\/strong> \u00e4r en viktig del av m\u00e5lningen av h\u00e5llbara st\u00e5lkonstruktioner. R\u00e4tt utf\u00f6rd avl\u00e4gsnar vi rost, f\u00f6roreningar och gamla bel\u00e4ggningar och skapar en optimal yta f\u00f6r f\u00e4rgen att f\u00e4sta p\u00e5.<br>Vi anv\u00e4nder <strong>\u00e5tervinningsbart st\u00e5lgrus<\/strong> f\u00f6r gritbl\u00e4string och en- och tv\u00e5komponents h\u00f6gtryckssprutor f\u00f6r m\u00e5lning. <strong><br><\/strong><\/p>\n<p data-start=\"1370\" data-end=\"1617\">I v\u00e5r m\u00e5leriverkstad kan vi utf\u00f6ra ytbehandlingar p\u00e5 st\u00e5lkonstruktioner av i stort sett alla storlekar och former.<\/p>\t\t\t\t\t\t\t\t<\/div>\n\t\t\t\t<\/div>\n\t\t<div class=\"elementor-element elementor-element-8f2678c osiomargin e-con-full e-flex e-con e-child\" data-id=\"8f2678c\" data-element_type=\"container\" data-e-type=\"container\" data-settings=\"{&quot;jet_parallax_layout_list&quot;:[]}\">\n\t\t\t\t<div class=\"elementor-element elementor-element-dd702a3 elementor-widget elementor-widget-heading\" data-id=\"dd702a3\" data-element_type=\"widget\" data-e-type=\"widget\" data-widget_type=\"heading.default\">\n\t\t\t\t<div class=\"elementor-widget-container\">\n\t\t\t\t\t<h2 class=\"elementor-heading-title elementor-size-default\">M\u00e5lning av konstruktionsst\u00e5l p\u00e5 kundens egna anl\u00e4ggningar<\/h2>\t\t\t\t<\/div>\n\t\t\t\t<\/div>\n\t\t\t\t<div class=\"elementor-element elementor-element-af4ddff elementor-widget elementor-widget-text-editor\" data-id=\"af4ddff\" data-element_type=\"widget\" data-e-type=\"widget\" data-widget_type=\"text-editor.default\">\n\t\t\t\t<div class=\"elementor-widget-container\">\n\t\t\t\t\t\t\t\t\t<p data-start=\"1736\" data-end=\"1999\">Vi <strong data-start=\"1752\" data-end=\"1817\">m\u00e5lar \u00e4ven st\u00e5lkonstruktioner<\/strong> p\u00e5 plats hos v\u00e5ra <strong data-start=\"1752\" data-end=\"1817\">kunder<\/strong> med hj\u00e4lp av v\u00e5r mobila utrustning. Vi kan sandbl\u00e4stra, slipa och m\u00e5la industriella st\u00e5lkonstruktioner direkt p\u00e5 plats utan att beh\u00f6va demontera eller flytta konstruktionerna. <\/p>\n<p data-start=\"2001\" data-end=\"2150\">Detta m\u00f6jligg\u00f6r ett kostnadseffektivt och flexibelt genomf\u00f6rande i hela Finland, \u00e4ven i omr\u00e5den d\u00e4r det inte \u00e4r m\u00f6jligt att flytta strukturer.<\/p>\t\t\t\t\t\t\t\t<\/div>\n\t\t\t\t<\/div>\n\t\t\t\t<\/div>\n\t\t\t\t\t<\/div>\n\t\t\t\t<\/div>\n\t\t<div class=\"elementor-element elementor-element-26ec534 osiomargin e-flex e-con-boxed e-con e-parent\" data-id=\"26ec534\" data-element_type=\"container\" data-e-type=\"container\" data-settings=\"{&quot;jet_parallax_layout_list&quot;:[]}\">\n\t\t\t\t\t<div class=\"e-con-inner\">\n\t\t\t\t<div class=\"elementor-element elementor-element-c733b19 elementor-widget elementor-widget-heading\" data-id=\"c733b19\" data-element_type=\"widget\" data-e-type=\"widget\" data-widget_type=\"heading.default\">\n\t\t\t\t<div class=\"elementor-widget-container\">\n\t\t\t\t\t<h2 class=\"elementor-heading-title elementor-size-default\">Typiska m\u00e5lningsobjekt f\u00f6r st\u00e5lkonstruktioner<\/h2>\t\t\t\t<\/div>\n\t\t\t\t<\/div>\n\t\t\t\t<div class=\"elementor-element elementor-element-7ad14d3 elementor-widget elementor-widget-text-editor\" data-id=\"7ad14d3\" data-element_type=\"widget\" data-e-type=\"widget\" data-widget_type=\"text-editor.default\">\n\t\t\t\t<div class=\"elementor-widget-container\">\n\t\t\t\t\t\t\t\t\t<p data-start=\"2241\" data-end=\"2322\">M\u00e5lning av st\u00e5lkonstruktioner l\u00e4mpar sig s\u00e4rskilt v\u00e4l f\u00f6r f\u00f6ljande industriella till\u00e4mpningar:<\/p>\n<ul>\n<li data-start=\"2325\" data-end=\"2360\">Hamnkranar och hamnkonstruktioner<\/li>\n<li data-start=\"2363\" data-end=\"2416\">Transport\u00f6rer och st\u00e5lkonstruktioner f\u00f6r transport\u00f6rsystem<\/li>\n<li data-start=\"2419\" data-end=\"2481\">R\u00f6rbroar och st\u00e5lkonstruktioner f\u00f6r processr\u00f6rledningar<\/li>\n<li data-start=\"2484\" data-end=\"2515\">St\u00e5lstommar f\u00f6r industribyggnader<\/li>\n<li data-start=\"2518\" data-end=\"2559\">Andra kr\u00e4vande industriella st\u00e5lkonstruktioner<\/li>\n<\/ul>\t\t\t\t\t\t\t\t<\/div>\n\t\t\t\t<\/div>\n\t\t<div class=\"elementor-element elementor-element-65a7d5f osiopadding e-con-full e-flex e-con e-child\" data-id=\"65a7d5f\" data-element_type=\"container\" data-e-type=\"container\" data-settings=\"{&quot;background_background&quot;:&quot;classic&quot;,&quot;jet_parallax_layout_list&quot;:[]}\">\n\t\t\t\t<div class=\"elementor-element elementor-element-51a12a5 elementor-widget elementor-widget-heading\" data-id=\"51a12a5\" data-element_type=\"widget\" data-e-type=\"widget\" data-widget_type=\"heading.default\">\n\t\t\t\t<div class=\"elementor-widget-container\">\n\t\t\t\t\t<h2 class=\"elementor-heading-title elementor-size-default\">Varf\u00f6r m\u00e5la st\u00e5lkonstruktioner?<\/h2>\t\t\t\t<\/div>\n\t\t\t\t<\/div>\n\t\t\t\t<div class=\"elementor-element elementor-element-43a270e elementor-widget elementor-widget-text-editor\" data-id=\"43a270e\" data-element_type=\"widget\" data-e-type=\"widget\" data-widget_type=\"text-editor.default\">\n\t\t\t\t<div class=\"elementor-widget-container\">\n\t\t\t\t\t\t\t\t\t<p data-start=\"2616\" data-end=\"2672\">Regelbunden m\u00e5lning och ytbehandling av st\u00e5lkonstruktioner:<\/p>\n<ul>\n<li data-start=\"2616\" data-end=\"2672\">skyddar konstruktioner mot korrosion och slitage, f\u00f6rl\u00e4nger livsl\u00e4ngden p\u00e5 st\u00e5lkonstruktioner<\/li>\n<li data-start=\"2616\" data-end=\"2672\">f\u00f6rb\u00e4ttra s\u00e4kerheten p\u00e5 arbetsplatsen och konstruktionernas tillf\u00f6rlitlighet<\/li>\n<li data-start=\"2616\" data-end=\"2672\">minska reparations- och underh\u00e5llskostnaderna p\u00e5 l\u00e5ng sikt<\/li>\n<\/ul>\n<p><a href=\"https:\/\/kotekservice.com\/sv\/kontakt\/\">Kontakta oss<\/a> n\u00e4r du beh\u00f6ver <strong data-start=\"2955\" data-end=\"3009\">en p\u00e5litlig partner f\u00f6r m\u00e5lning av st\u00e5lkonstruktioner!<\/strong><\/p>\t\t\t\t\t\t\t\t<\/div>\n\t\t\t\t<\/div>\n\t\t\t\t<\/div>\n\t\t\t\t\t<\/div>\n\t\t\t\t<\/div>\n\t\t<div class=\"elementor-element elementor-element-db88597 osiomargin e-flex e-con-boxed e-con e-parent\" data-id=\"db88597\" data-element_type=\"container\" data-e-type=\"container\" data-settings=\"{&quot;jet_parallax_layout_list&quot;:[]}\">\n\t\t\t\t\t<div class=\"e-con-inner\">\n\t\t<div class=\"elementor-element elementor-element-bd1b1b8 e-grid e-con-full e-con e-child\" data-id=\"bd1b1b8\" data-element_type=\"container\" data-e-type=\"container\" data-settings=\"{&quot;jet_parallax_layout_list&quot;:[]}\">\n\t\t<div class=\"elementor-element elementor-element-2e9bf5f e-con-full e-flex e-con e-child\" data-id=\"2e9bf5f\" data-element_type=\"container\" data-e-type=\"container\" data-settings=\"{&quot;jet_parallax_layout_list&quot;:[]}\">\n\t\t\t\t<div class=\"elementor-element elementor-element-699b0c4 elementor-widget elementor-widget-image\" data-id=\"699b0c4\" data-element_type=\"widget\" data-e-type=\"widget\" data-widget_type=\"image.default\">\n\t\t\t\t<div class=\"elementor-widget-container\">\n\t\t\t\t\t\t\t\t\t\t\t\t\t\t\t<img fetchpriority=\"high\" decoding=\"async\" width=\"400\" height=\"250\" src=\"https:\/\/kotekservice.com\/wp-content\/uploads\/2025\/06\/Kuva12-r5g6lzapk72el0bxoq6z1a6idrmk52fmpicq75siis.jpg\" class=\"attachment-1536x1536 size-1536x1536 wp-image-1431\" alt=\"\" srcset=\"https:\/\/kotekservice.com\/wp-content\/uploads\/2025\/06\/Kuva12-r5g6lzapk72el0bxoq6z1a6idrmk52fmpicq75siis.jpg 400w, https:\/\/kotekservice.com\/wp-content\/uploads\/2025\/06\/Kuva12-r5g6lzapk72el0bxoq6z1a6idrmk52fmpicq75siis-300x188.jpg 300w\" sizes=\"(max-width: 400px) 100vw, 400px\" \/>\t\t\t\t\t\t\t\t\t\t\t\t\t\t\t<\/div>\n\t\t\t\t<\/div>\n\t\t<div class=\"elementor-element elementor-element-8bb3399 e-con-full e-flex e-con e-child\" data-id=\"8bb3399\" data-element_type=\"container\" data-e-type=\"container\" data-settings=\"{&quot;jet_parallax_layout_list&quot;:[]}\">\n\t\t\t\t<div class=\"elementor-element elementor-element-09d9e2c elementor-widget elementor-widget-text-editor\" data-id=\"09d9e2c\" data-element_type=\"widget\" data-e-type=\"widget\" data-widget_type=\"text-editor.default\">\n\t\t\t\t<div class=\"elementor-widget-container\">\n\t\t\t\t\t\t\t\t\t<p>F\u00e4rgverkstaden fungerar ocks\u00e5 bra f\u00f6r lackering av riktigt stora delar.<\/p>\t\t\t\t\t\t\t\t<\/div>\n\t\t\t\t<\/div>\n\t\t\t\t<\/div>\n\t\t\t\t<\/div>\n\t\t<div class=\"elementor-element elementor-element-38f7dd6 e-con-full e-flex e-con e-child\" data-id=\"38f7dd6\" data-element_type=\"container\" data-e-type=\"container\" data-settings=\"{&quot;jet_parallax_layout_list&quot;:[]}\">\n\t\t\t\t<div class=\"elementor-element elementor-element-b693a5f elementor-widget elementor-widget-image\" data-id=\"b693a5f\" data-element_type=\"widget\" data-e-type=\"widget\" data-widget_type=\"image.default\">\n\t\t\t\t<div class=\"elementor-widget-container\">\n\t\t\t\t\t\t\t\t\t\t\t\t\t\t\t<img decoding=\"async\" width=\"400\" height=\"250\" src=\"https:\/\/kotekservice.com\/wp-content\/uploads\/2025\/06\/Kuva13-r5g6lzapk72el0bxoq6z1a6idrmk52fmpicq75siis.jpg\" class=\"attachment-1536x1536 size-1536x1536 wp-image-1433\" alt=\"\" srcset=\"https:\/\/kotekservice.com\/wp-content\/uploads\/2025\/06\/Kuva13-r5g6lzapk72el0bxoq6z1a6idrmk52fmpicq75siis.jpg 400w, https:\/\/kotekservice.com\/wp-content\/uploads\/2025\/06\/Kuva13-r5g6lzapk72el0bxoq6z1a6idrmk52fmpicq75siis-300x188.jpg 300w\" sizes=\"(max-width: 400px) 100vw, 400px\" \/>\t\t\t\t\t\t\t\t\t\t\t\t\t\t\t<\/div>\n\t\t\t\t<\/div>\n\t\t<div class=\"elementor-element elementor-element-e525d0d e-con-full e-flex e-con e-child\" data-id=\"e525d0d\" data-element_type=\"container\" data-e-type=\"container\" data-settings=\"{&quot;jet_parallax_layout_list&quot;:[]}\">\n\t\t\t\t<div class=\"elementor-element elementor-element-59e01a1 elementor-widget elementor-widget-text-editor\" data-id=\"59e01a1\" data-element_type=\"widget\" data-e-type=\"widget\" data-widget_type=\"text-editor.default\">\n\t\t\t\t<div class=\"elementor-widget-container\">\n\t\t\t\t\t\t\t\t\t<p>Bilden visar st\u00e5lkonstruktionerna i en r\u00f6rbro som m\u00e5lats hos en kund.<\/p>\t\t\t\t\t\t\t\t<\/div>\n\t\t\t\t<\/div>\n\t\t\t\t<\/div>\n\t\t\t\t<\/div>\n\t\t<div class=\"elementor-element elementor-element-bafd866 e-con-full e-flex e-con e-child\" data-id=\"bafd866\" data-element_type=\"container\" data-e-type=\"container\" data-settings=\"{&quot;jet_parallax_layout_list&quot;:[]}\">\n\t\t\t\t<div class=\"elementor-element elementor-element-f54ec98 elementor-widget elementor-widget-image\" data-id=\"f54ec98\" data-element_type=\"widget\" data-e-type=\"widget\" data-widget_type=\"image.default\">\n\t\t\t\t<div class=\"elementor-widget-container\">\n\t\t\t\t\t\t\t\t\t\t\t\t\t\t\t<img decoding=\"async\" width=\"400\" height=\"250\" src=\"https:\/\/kotekservice.com\/wp-content\/uploads\/2025\/06\/Kuva14-r5g6lycvdd149edau7scgsf1sdr6xdbwddp8pvtwp0.jpg\" class=\"attachment-1536x1536 size-1536x1536 wp-image-1435\" alt=\"\" srcset=\"https:\/\/kotekservice.com\/wp-content\/uploads\/2025\/06\/Kuva14-r5g6lycvdd149edau7scgsf1sdr6xdbwddp8pvtwp0.jpg 400w, https:\/\/kotekservice.com\/wp-content\/uploads\/2025\/06\/Kuva14-r5g6lycvdd149edau7scgsf1sdr6xdbwddp8pvtwp0-300x188.jpg 300w\" sizes=\"(max-width: 400px) 100vw, 400px\" \/>\t\t\t\t\t\t\t\t\t\t\t\t\t\t\t<\/div>\n\t\t\t\t<\/div>\n\t\t\t\t<div class=\"elementor-element elementor-element-a3862fc elementor-widget elementor-widget-text-editor\" data-id=\"a3862fc\" data-element_type=\"widget\" data-e-type=\"widget\" data-widget_type=\"text-editor.default\">\n\t\t\t\t<div class=\"elementor-widget-container\">\n\t\t\t\t\t\t\t\t\t<p>M\u00e5lning av st\u00e5lkonstruktioner i en industrianl\u00e4ggning d\u00e4r konstruktionerna uts\u00e4tts f\u00f6r tuffa f\u00f6rh\u00e5llanden.<\/p>\t\t\t\t\t\t\t\t<\/div>\n\t\t\t\t<\/div>\n\t\t\t\t<\/div>\n\t\t\t\t<\/div>\n\t\t\t\t\t<\/div>\n\t\t\t\t<\/div>\n\t\t\t\t<\/div>\n\t\t","protected":false},"excerpt":{"rendered":"<p>M\u00e5lning av industriella st\u00e5lkonstruktioner Kotek utf\u00f6r m\u00e5lning och bl\u00e4string av st\u00e5lkonstruktioner f\u00f6r industriella till\u00e4mpningar b\u00e5de i det egna industriella m\u00e5leriet och p\u00e5 kundanl\u00e4ggningar runt om i Finland. Tj\u00e4nsten omfattar ytbehandling, bl\u00e4string, slipning och m\u00e5lning. M\u00e5lning av st\u00e5lkonstruktioner f\u00f6rl\u00e4nger konstruktionernas livsl\u00e4ngd, f\u00f6rb\u00e4ttrar korrosionsskyddet och minskar underh\u00e5llskostnaderna. M\u00e5lning av st\u00e5lkonstruktioner i v\u00e5r egen industriella m\u00e5lningsverkstad Vi har [&hellip;]<\/p>\n","protected":false},"author":1,"featured_media":1447,"parent":1510,"menu_order":0,"comment_status":"closed","ping_status":"closed","template":"","meta":{"footnotes":""},"class_list":["post-1474","page","type-page","status-publish","has-post-thumbnail","hentry"],"_links":{"self":[{"href":"https:\/\/kotekservice.com\/sv\/wp-json\/wp\/v2\/pages\/1474","targetHints":{"allow":["GET"]}}],"collection":[{"href":"https:\/\/kotekservice.com\/sv\/wp-json\/wp\/v2\/pages"}],"about":[{"href":"https:\/\/kotekservice.com\/sv\/wp-json\/wp\/v2\/types\/page"}],"author":[{"embeddable":true,"href":"https:\/\/kotekservice.com\/sv\/wp-json\/wp\/v2\/users\/1"}],"replies":[{"embeddable":true,"href":"https:\/\/kotekservice.com\/sv\/wp-json\/wp\/v2\/comments?post=1474"}],"version-history":[{"count":4,"href":"https:\/\/kotekservice.com\/sv\/wp-json\/wp\/v2\/pages\/1474\/revisions"}],"predecessor-version":[{"id":2317,"href":"https:\/\/kotekservice.com\/sv\/wp-json\/wp\/v2\/pages\/1474\/revisions\/2317"}],"up":[{"embeddable":true,"href":"https:\/\/kotekservice.com\/sv\/wp-json\/wp\/v2\/pages\/1510"}],"wp:featuredmedia":[{"embeddable":true,"href":"https:\/\/kotekservice.com\/sv\/wp-json\/wp\/v2\/media\/1447"}],"wp:attachment":[{"href":"https:\/\/kotekservice.com\/sv\/wp-json\/wp\/v2\/media?parent=1474"}],"curies":[{"name":"wp","href":"https:\/\/api.w.org\/{rel}","templated":true}]}}