{"id":1470,"date":"2025-06-09T13:20:13","date_gmt":"2025-06-09T10:20:13","guid":{"rendered":"https:\/\/kotek.sivustamo.dev\/metalliska-belaggningar\/"},"modified":"2025-11-07T13:48:23","modified_gmt":"2025-11-07T11:48:23","slug":"metalliska-belaggningar","status":"publish","type":"page","link":"https:\/\/kotekservice.com\/sv\/tjanster\/metalliska-belaggningar\/","title":{"rendered":"Metallbel\u00e4ggning"},"content":{"rendered":"\t\t<div data-elementor-type=\"wp-page\" data-elementor-id=\"1470\" class=\"elementor elementor-1470 elementor-1005\" data-elementor-post-type=\"page\">\n\t\t\t\t<div class=\"elementor-element elementor-element-b42b116 e-con-full e-flex e-con e-parent\" data-id=\"b42b116\" data-element_type=\"container\" data-e-type=\"container\" data-settings=\"{&quot;jet_parallax_layout_list&quot;:[]}\">\n\t\t\t\t<div class=\"elementor-element elementor-element-cef0ee4 elementor-widget elementor-widget-template\" data-id=\"cef0ee4\" data-element_type=\"widget\" data-e-type=\"widget\" data-widget_type=\"template.default\">\n\t\t\t\t<div class=\"elementor-widget-container\">\n\t\t\t\t\t\t\t<div class=\"elementor-template\">\n\t\t\t\t\t<div data-elementor-type=\"container\" data-elementor-id=\"1545\" class=\"elementor elementor-1545 elementor-566 elementor-566\" data-elementor-post-type=\"elementor_library\">\n\t\t\t\t<div class=\"elementor-element elementor-element-66dcb6f2 osiopaddingtop e-flex e-con-boxed e-con e-parent\" data-id=\"66dcb6f2\" data-element_type=\"container\" data-e-type=\"container\" data-settings=\"{&quot;background_background&quot;:&quot;classic&quot;,&quot;jet_parallax_layout_list&quot;:[]}\">\n\t\t\t\t\t<div class=\"e-con-inner\">\n\t\t\t\t<div class=\"elementor-element elementor-element-1a3bbd9 jet-breadcrumbs-align-center elementor-widget elementor-widget-jet-breadcrumbs\" data-id=\"1a3bbd9\" data-element_type=\"widget\" data-e-type=\"widget\" data-widget_type=\"jet-breadcrumbs.default\">\n\t\t\t\t<div class=\"elementor-widget-container\">\n\t\t\t\t\t<div class=\"elementor-jet-breadcrumbs jet-blocks\">\n\t\t<div class=\"jet-breadcrumbs\">\n\t\t<div class=\"jet-breadcrumbs__content\">\n\t\t<div class=\"jet-breadcrumbs__wrap\"><div class=\"jet-breadcrumbs__item\"><a href=\"https:\/\/kotekservice.com\/sv\/\" class=\"jet-breadcrumbs__item-link is-home\" rel=\"home\" title=\"Startsida\">Startsida<\/a><\/div>\n\t\t<\/div>\n\t\t<\/div>\n\t\t<\/div><\/div>\t\t\t\t<\/div>\n\t\t\t\t<\/div>\n\t\t\t\t\t<\/div>\n\t\t\t\t<\/div>\n\t\t\t\t<\/div>\n\t\t\t\t<\/div>\n\t\t\t\t\t\t<\/div>\n\t\t\t\t<\/div>\n\t\t\t\t<\/div>\n\t\t<div class=\"elementor-element elementor-element-64ce9cd osiomargin e-flex e-con-boxed e-con e-parent\" data-id=\"64ce9cd\" data-element_type=\"container\" data-e-type=\"container\" data-settings=\"{&quot;jet_parallax_layout_list&quot;:[]}\">\n\t\t\t\t\t<div class=\"e-con-inner\">\n\t\t\t\t<div class=\"elementor-element elementor-element-485d19b elementor-widget elementor-widget-heading\" data-id=\"485d19b\" data-element_type=\"widget\" data-e-type=\"widget\" data-widget_type=\"heading.default\">\n\t\t\t\t<div class=\"elementor-widget-container\">\n\t\t\t\t\t<h2 class=\"elementor-heading-title elementor-size-default\">Metallbel\u00e4ggning - industriell m\u00e5lning och korrosionsskydd f\u00f6r metallytor\n<\/h2>\t\t\t\t<\/div>\n\t\t\t\t<\/div>\n\t\t\t\t<div class=\"elementor-element elementor-element-e82c1e1 elementor-widget elementor-widget-text-editor\" data-id=\"e82c1e1\" data-element_type=\"widget\" data-e-type=\"widget\" data-widget_type=\"text-editor.default\">\n\t\t\t\t<div class=\"elementor-widget-container\">\n\t\t\t\t\t\t\t\t\t<p>Kotek Factory Service Oy \u00e4r ett av Finlands ledande f\u00f6retag som specialiserat sig p\u00e5 industriell ytbehandling. Vi erbjuder en m\u00e4ngd olika bel\u00e4ggningar med j\u00e4rnh\u00e5rd professionalism. Metall \u00e4r ett material som alltid kr\u00e4ver ytbehandling, eftersom det \u00e4r k\u00e4nsligt f\u00f6r korrosion. Den orsakas bland annat av vatten, luftens syre, solljus och olika \u00e4mnen i jorden. Korrosion kan dock f\u00f6rebyggas med hj\u00e4lp av speciella metoder som v\u00e5ra yrkesm\u00e4n har hand om. Tack vare metallbel\u00e4ggningen kan fukt inte tr\u00e4nga in i metallytan och korrosion kan inte uppst\u00e5. Det l\u00f6nar sig ocks\u00e5 att bel\u00e4gga metall eftersom det f\u00f6rl\u00e4nger produktens livsl\u00e4ngd och g\u00f6r den mer motst\u00e5ndskraftig mot yttre p\u00e5verkan.<\/p><p>En korrosionsskyddande bel\u00e4ggning best\u00e5r av flera skikt som vart och ett har olika sammans\u00e4ttning. \u00c4ven den starkaste ytan kan slitas ut under \u00e5rtionden och, beroende p\u00e5 anv\u00e4ndningsomr\u00e5de, ibland snabbare, vilket \u00e4r anledningen till att vi \u00e4ven utf\u00f6r resurfacing.<\/p>\t\t\t\t\t\t\t\t<\/div>\n\t\t\t\t<\/div>\n\t\t\t\t\t<\/div>\n\t\t\t\t<\/div>\n\t\t<div class=\"elementor-element elementor-element-9925d0e osiopadding e-flex e-con-boxed e-con e-parent\" data-id=\"9925d0e\" data-element_type=\"container\" data-e-type=\"container\" data-settings=\"{&quot;background_background&quot;:&quot;classic&quot;,&quot;jet_parallax_layout_list&quot;:[]}\">\n\t\t\t\t\t<div class=\"e-con-inner\">\n\t\t\t\t<div class=\"elementor-element elementor-element-5366c94 elementor-widget elementor-widget-heading\" data-id=\"5366c94\" data-element_type=\"widget\" data-e-type=\"widget\" data-widget_type=\"heading.default\">\n\t\t\t\t<div class=\"elementor-widget-container\">\n\t\t\t\t\t<h2 class=\"elementor-heading-title elementor-size-default\">F\u00e4rger och bel\u00e4ggningar f\u00f6r metallbel\u00e4ggningar\n<\/h2>\t\t\t\t<\/div>\n\t\t\t\t<\/div>\n\t\t\t\t<div class=\"elementor-element elementor-element-ec818ab elementor-widget elementor-widget-text-editor\" data-id=\"ec818ab\" data-element_type=\"widget\" data-e-type=\"widget\" data-widget_type=\"text-editor.default\">\n\t\t\t\t<div class=\"elementor-widget-container\">\n\t\t\t\t\t\t\t\t\t<p>Vi anv\u00e4nder h\u00f6gkvalitativa f\u00e4rger och ytbehandlingar fr\u00e5n <a href=\"https:\/\/www.teknos.com\/fi-FI\/\" target=\"_blank\" rel=\"noopener\">Teknos<\/a>, <a href=\"https:\/\/tikkurila.fi\/teollisuus\" target=\"_blank\" rel=\"noopener\">Tikkurila<\/a> och <a href=\"https:\/\/chesterton.com\/\" target=\"_blank\" rel=\"noopener\">Chesterton<\/a>. Industrilackering omfattar ett brett spektrum av olika objekt. D\u00e4rf\u00f6r har vi m\u00e5lat hela spektrumet av industriella st\u00e5lkonstruktioner, inklusive tankar, bogserb\u00e5tar, r\u00f6rbroar, r\u00f6r och hamnkranar.<\/p>\t\t\t\t\t\t\t\t<\/div>\n\t\t\t\t<\/div>\n\t\t\t\t\t<\/div>\n\t\t\t\t<\/div>\n\t\t<div class=\"elementor-element elementor-element-af104c0 osiomargin e-flex e-con-boxed e-con e-parent\" data-id=\"af104c0\" data-element_type=\"container\" data-e-type=\"container\" data-settings=\"{&quot;jet_parallax_layout_list&quot;:[]}\">\n\t\t\t\t\t<div class=\"e-con-inner\">\n\t\t\t\t<div class=\"elementor-element elementor-element-07cff3b elementor-widget elementor-widget-heading\" data-id=\"07cff3b\" data-element_type=\"widget\" data-e-type=\"widget\" data-widget_type=\"heading.default\">\n\t\t\t\t<div class=\"elementor-widget-container\">\n\t\t\t\t\t<h2 class=\"elementor-heading-title elementor-size-default\">Helt\u00e4ckande maskinpark fr\u00e5n fundament till ytbel\u00e4ggningar\n<\/h2>\t\t\t\t<\/div>\n\t\t\t\t<\/div>\n\t\t\t\t<div class=\"elementor-element elementor-element-b3e8443 elementor-widget elementor-widget-text-editor\" data-id=\"b3e8443\" data-element_type=\"widget\" data-e-type=\"widget\" data-widget_type=\"text-editor.default\">\n\t\t\t\t<div class=\"elementor-widget-container\">\n\t\t\t\t\t\t\t\t\t<p>Vi utf\u00f6rde m\u00e5lning av st\u00e5lkonstruktionen fr\u00e5n basen till ytorna. Vi har sandbl\u00e4strings- och kranutrustning, sprututrustning och ett mycket skickligt team av m\u00e5lare som kan utf\u00f6ra \u00e4ven den mest kr\u00e4vande m\u00e5lningen av st\u00e5lkonstruktioner.<\/p><p>Vi erbjuder metallbel\u00e4ggningar enligt dina behov! Oavsett om det handlar om industriell m\u00e5lning eller korrosionsskydd \u00e4r v\u00e5r expertis och professionalism inom metallbel\u00e4ggningar o\u00f6vertr\u00e4ffad. Vi \u00e4r baserade i Karleby, men v\u00e5rt arbetsomr\u00e5de str\u00e4cker sig \u00f6ver hela Finland. Kontakta oss, s\u00e5 svarar vi g\u00e4rna p\u00e5 dina fr\u00e5gor och ger dig ett erbjudande.<\/p>\t\t\t\t\t\t\t\t<\/div>\n\t\t\t\t<\/div>\n\t\t\t\t\t<\/div>\n\t\t\t\t<\/div>\n\t\t<div class=\"elementor-element elementor-element-db88597 osiomargin e-flex e-con-boxed e-con e-parent\" data-id=\"db88597\" data-element_type=\"container\" data-e-type=\"container\" data-settings=\"{&quot;jet_parallax_layout_list&quot;:[]}\">\n\t\t\t\t\t<div class=\"e-con-inner\">\n\t\t<div class=\"elementor-element elementor-element-bd1b1b8 e-grid e-con-full e-con e-child\" data-id=\"bd1b1b8\" data-element_type=\"container\" data-e-type=\"container\" data-settings=\"{&quot;jet_parallax_layout_list&quot;:[]}\">\n\t\t<div class=\"elementor-element elementor-element-2e9bf5f e-con-full e-flex e-con e-child\" data-id=\"2e9bf5f\" data-element_type=\"container\" data-e-type=\"container\" data-settings=\"{&quot;jet_parallax_layout_list&quot;:[]}\">\n\t\t\t\t<div class=\"elementor-element elementor-element-699b0c4 elementor-widget elementor-widget-image\" data-id=\"699b0c4\" data-element_type=\"widget\" data-e-type=\"widget\" data-widget_type=\"image.default\">\n\t\t\t\t<div class=\"elementor-widget-container\">\n\t\t\t\t\t\t\t\t\t\t\t\t\t\t\t<img fetchpriority=\"high\" decoding=\"async\" width=\"400\" height=\"250\" src=\"https:\/\/kotekservice.com\/wp-content\/uploads\/2025\/06\/Kuva6-r5g6lzapk72el0bxoq6z1a6idrmk52fmpicq75siis.jpg\" class=\"attachment-1536x1536 size-1536x1536 wp-image-1429\" alt=\"\" srcset=\"https:\/\/kotekservice.com\/wp-content\/uploads\/2025\/06\/Kuva6-r5g6lzapk72el0bxoq6z1a6idrmk52fmpicq75siis.jpg 400w, https:\/\/kotekservice.com\/wp-content\/uploads\/2025\/06\/Kuva6-r5g6lzapk72el0bxoq6z1a6idrmk52fmpicq75siis-300x188.jpg 300w\" sizes=\"(max-width: 400px) 100vw, 400px\" \/>\t\t\t\t\t\t\t\t\t\t\t\t\t\t\t<\/div>\n\t\t\t\t<\/div>\n\t\t<div class=\"elementor-element elementor-element-8bb3399 e-con-full e-flex e-con e-child\" data-id=\"8bb3399\" data-element_type=\"container\" data-e-type=\"container\" data-settings=\"{&quot;jet_parallax_layout_list&quot;:[]}\">\n\t\t\t\t<div class=\"elementor-element elementor-element-09d9e2c elementor-widget elementor-widget-text-editor\" data-id=\"09d9e2c\" data-element_type=\"widget\" data-e-type=\"widget\" data-widget_type=\"text-editor.default\">\n\t\t\t\t<div class=\"elementor-widget-container\">\n\t\t\t\t\t\t\t\t\t<p>Bilden visar Kokkola Ports kran vid Kotek coating.<\/p>\t\t\t\t\t\t\t\t<\/div>\n\t\t\t\t<\/div>\n\t\t\t\t<\/div>\n\t\t\t\t<\/div>\n\t\t<div class=\"elementor-element elementor-element-38f7dd6 e-con-full e-flex e-con e-child\" data-id=\"38f7dd6\" data-element_type=\"container\" data-e-type=\"container\" data-settings=\"{&quot;jet_parallax_layout_list&quot;:[]}\">\n\t\t\t\t<div class=\"elementor-element elementor-element-b693a5f elementor-widget elementor-widget-image\" data-id=\"b693a5f\" data-element_type=\"widget\" data-e-type=\"widget\" data-widget_type=\"image.default\">\n\t\t\t\t<div class=\"elementor-widget-container\">\n\t\t\t\t\t\t\t\t\t\t\t\t\t\t\t<img decoding=\"async\" width=\"400\" height=\"250\" src=\"https:\/\/kotekservice.com\/wp-content\/uploads\/2025\/06\/Kuva7-r5g6lzapk72el0bxoq6z1a6idrmk52fmpicq75siis.jpg\" class=\"attachment-1536x1536 size-1536x1536 wp-image-1423\" alt=\"\" srcset=\"https:\/\/kotekservice.com\/wp-content\/uploads\/2025\/06\/Kuva7-r5g6lzapk72el0bxoq6z1a6idrmk52fmpicq75siis.jpg 400w, https:\/\/kotekservice.com\/wp-content\/uploads\/2025\/06\/Kuva7-r5g6lzapk72el0bxoq6z1a6idrmk52fmpicq75siis-300x188.jpg 300w\" sizes=\"(max-width: 400px) 100vw, 400px\" \/>\t\t\t\t\t\t\t\t\t\t\t\t\t\t\t<\/div>\n\t\t\t\t<\/div>\n\t\t<div class=\"elementor-element elementor-element-e525d0d e-con-full e-flex e-con e-child\" data-id=\"e525d0d\" data-element_type=\"container\" data-e-type=\"container\" data-settings=\"{&quot;jet_parallax_layout_list&quot;:[]}\">\n\t\t\t\t<div class=\"elementor-element elementor-element-59e01a1 elementor-widget elementor-widget-text-editor\" data-id=\"59e01a1\" data-element_type=\"widget\" data-e-type=\"widget\" data-widget_type=\"text-editor.default\">\n\t\t\t\t<div class=\"elementor-widget-container\">\n\t\t\t\t\t\t\t\t\t<p>M\u00e5lningstj\u00e4nster<\/p>\t\t\t\t\t\t\t\t<\/div>\n\t\t\t\t<\/div>\n\t\t\t\t<\/div>\n\t\t\t\t<\/div>\n\t\t<div class=\"elementor-element elementor-element-bafd866 e-con-full e-flex e-con e-child\" data-id=\"bafd866\" data-element_type=\"container\" data-e-type=\"container\" data-settings=\"{&quot;jet_parallax_layout_list&quot;:[]}\">\n\t\t\t\t<div class=\"elementor-element elementor-element-f54ec98 elementor-widget elementor-widget-image\" data-id=\"f54ec98\" data-element_type=\"widget\" data-e-type=\"widget\" data-widget_type=\"image.default\">\n\t\t\t\t<div class=\"elementor-widget-container\">\n\t\t\t\t\t\t\t\t\t\t\t\t\t\t\t<img decoding=\"async\" width=\"400\" height=\"250\" src=\"https:\/\/kotekservice.com\/wp-content\/uploads\/2025\/06\/Kuva8-r5g6lzapk72el0bxoq6z1a6idrmk52fmpicq75siis.jpg\" class=\"attachment-1536x1536 size-1536x1536 wp-image-1425\" alt=\"\" srcset=\"https:\/\/kotekservice.com\/wp-content\/uploads\/2025\/06\/Kuva8-r5g6lzapk72el0bxoq6z1a6idrmk52fmpicq75siis.jpg 400w, https:\/\/kotekservice.com\/wp-content\/uploads\/2025\/06\/Kuva8-r5g6lzapk72el0bxoq6z1a6idrmk52fmpicq75siis-300x188.jpg 300w\" sizes=\"(max-width: 400px) 100vw, 400px\" \/>\t\t\t\t\t\t\t\t\t\t\t\t\t\t\t<\/div>\n\t\t\t\t<\/div>\n\t\t<div class=\"elementor-element elementor-element-dd59e32 e-con-full e-flex e-con e-child\" data-id=\"dd59e32\" data-element_type=\"container\" data-e-type=\"container\" data-settings=\"{&quot;jet_parallax_layout_list&quot;:[]}\">\n\t\t\t\t<div class=\"elementor-element elementor-element-b2ae233 elementor-widget elementor-widget-text-editor\" data-id=\"b2ae233\" data-element_type=\"widget\" data-e-type=\"widget\" data-widget_type=\"text-editor.default\">\n\t\t\t\t<div class=\"elementor-widget-container\">\n\t\t\t\t\t\t\t\t\t<p>M\u00e5lningstj\u00e4nster<\/p>\t\t\t\t\t\t\t\t<\/div>\n\t\t\t\t<\/div>\n\t\t\t\t<\/div>\n\t\t\t\t<\/div>\n\t\t<div class=\"elementor-element elementor-element-9cbe0d6 e-con-full e-flex e-con e-child\" data-id=\"9cbe0d6\" data-element_type=\"container\" data-e-type=\"container\" data-settings=\"{&quot;jet_parallax_layout_list&quot;:[]}\">\n\t\t\t\t<div class=\"elementor-element elementor-element-c8e17d3 elementor-widget elementor-widget-image\" data-id=\"c8e17d3\" data-element_type=\"widget\" data-e-type=\"widget\" data-widget_type=\"image.default\">\n\t\t\t\t<div class=\"elementor-widget-container\">\n\t\t\t\t\t\t\t\t\t\t\t\t\t\t\t<img loading=\"lazy\" decoding=\"async\" width=\"400\" height=\"250\" src=\"https:\/\/kotekservice.com\/wp-content\/uploads\/2025\/06\/Kuva9-r5g6lzapk72el0bxoq6z1a6idrmk52fmpicq75siis.jpg\" class=\"attachment-1536x1536 size-1536x1536 wp-image-1427\" alt=\"\" srcset=\"https:\/\/kotekservice.com\/wp-content\/uploads\/2025\/06\/Kuva9-r5g6lzapk72el0bxoq6z1a6idrmk52fmpicq75siis.jpg 400w, https:\/\/kotekservice.com\/wp-content\/uploads\/2025\/06\/Kuva9-r5g6lzapk72el0bxoq6z1a6idrmk52fmpicq75siis-300x188.jpg 300w\" sizes=\"(max-width: 400px) 100vw, 400px\" \/>\t\t\t\t\t\t\t\t\t\t\t\t\t\t\t<\/div>\n\t\t\t\t<\/div>\n\t\t<div class=\"elementor-element elementor-element-250841b e-con-full e-flex e-con e-child\" data-id=\"250841b\" data-element_type=\"container\" data-e-type=\"container\" data-settings=\"{&quot;jet_parallax_layout_list&quot;:[]}\">\n\t\t\t\t<div class=\"elementor-element elementor-element-cb235eb elementor-widget elementor-widget-text-editor\" data-id=\"cb235eb\" data-element_type=\"widget\" data-e-type=\"widget\" data-widget_type=\"text-editor.default\">\n\t\t\t\t<div class=\"elementor-widget-container\">\n\t\t\t\t\t\t\t\t\t<p>Projekt f\u00f6r bel\u00e4ggning av r\u00f6kgasskrubber<\/p>\t\t\t\t\t\t\t\t<\/div>\n\t\t\t\t<\/div>\n\t\t\t\t<\/div>\n\t\t\t\t<\/div>\n\t\t\t\t<\/div>\n\t\t\t\t\t<\/div>\n\t\t\t\t<\/div>\n\t\t\t\t<\/div>\n\t\t","protected":false},"excerpt":{"rendered":"<p>Metallbel\u00e4ggning - industriell m\u00e5lning och korrosionsskydd f\u00f6r metallytor Kotek Factory Service Oy \u00e4r ett av Finlands ledande f\u00f6retag som specialiserat sig p\u00e5 industriell ytbehandling. Vi erbjuder en m\u00e4ngd olika bel\u00e4ggningar med j\u00e4rnh\u00e5rd professionalism. Metall \u00e4r ett material som alltid kr\u00e4ver ytbehandling, eftersom det \u00e4r k\u00e4nsligt f\u00f6r korrosion. Den orsakas bland annat av vatten, luftens syre, [&hellip;]<\/p>\n","protected":false},"author":1,"featured_media":1447,"parent":1510,"menu_order":0,"comment_status":"closed","ping_status":"closed","template":"","meta":{"footnotes":""},"class_list":["post-1470","page","type-page","status-publish","has-post-thumbnail","hentry"],"_links":{"self":[{"href":"https:\/\/kotekservice.com\/sv\/wp-json\/wp\/v2\/pages\/1470","targetHints":{"allow":["GET"]}}],"collection":[{"href":"https:\/\/kotekservice.com\/sv\/wp-json\/wp\/v2\/pages"}],"about":[{"href":"https:\/\/kotekservice.com\/sv\/wp-json\/wp\/v2\/types\/page"}],"author":[{"embeddable":true,"href":"https:\/\/kotekservice.com\/sv\/wp-json\/wp\/v2\/users\/1"}],"replies":[{"embeddable":true,"href":"https:\/\/kotekservice.com\/sv\/wp-json\/wp\/v2\/comments?post=1470"}],"version-history":[{"count":6,"href":"https:\/\/kotekservice.com\/sv\/wp-json\/wp\/v2\/pages\/1470\/revisions"}],"predecessor-version":[{"id":2078,"href":"https:\/\/kotekservice.com\/sv\/wp-json\/wp\/v2\/pages\/1470\/revisions\/2078"}],"up":[{"embeddable":true,"href":"https:\/\/kotekservice.com\/sv\/wp-json\/wp\/v2\/pages\/1510"}],"wp:featuredmedia":[{"embeddable":true,"href":"https:\/\/kotekservice.com\/sv\/wp-json\/wp\/v2\/media\/1447"}],"wp:attachment":[{"href":"https:\/\/kotekservice.com\/sv\/wp-json\/wp\/v2\/media?parent=1470"}],"curies":[{"name":"wp","href":"https:\/\/api.w.org\/{rel}","templated":true}]}}