{"id":1488,"date":"2025-06-06T10:05:49","date_gmt":"2025-06-06T07:05:49","guid":{"rendered":"https:\/\/kotek.sivustamo.dev\/polyurethane-coatings\/"},"modified":"2025-07-15T15:06:48","modified_gmt":"2025-07-15T12:06:48","slug":"polyurethane-coatings","status":"publish","type":"page","link":"https:\/\/kotekservice.com\/en\/services\/polyurethane-coatings\/","title":{"rendered":"Polyurethane coatings"},"content":{"rendered":"\t\t<div data-elementor-type=\"wp-page\" data-elementor-id=\"1488\" class=\"elementor elementor-1488 elementor-813\" data-elementor-post-type=\"page\">\n\t\t\t\t<div class=\"elementor-element elementor-element-b42b116 e-con-full e-flex e-con e-parent\" data-id=\"b42b116\" data-element_type=\"container\" data-e-type=\"container\" data-settings=\"{&quot;jet_parallax_layout_list&quot;:[]}\">\n\t\t\t\t<div class=\"elementor-element elementor-element-cef0ee4 elementor-widget elementor-widget-template\" data-id=\"cef0ee4\" data-element_type=\"widget\" data-e-type=\"widget\" data-widget_type=\"template.default\">\n\t\t\t\t<div class=\"elementor-widget-container\">\n\t\t\t\t\t\t\t<div class=\"elementor-template\">\n\t\t\t\t\t<div data-elementor-type=\"container\" data-elementor-id=\"1568\" class=\"elementor elementor-1568 elementor-566 elementor-566\" data-elementor-post-type=\"elementor_library\">\n\t\t\t\t<div class=\"elementor-element elementor-element-66dcb6f2 osiopaddingtop e-flex e-con-boxed e-con e-parent\" data-id=\"66dcb6f2\" data-element_type=\"container\" data-e-type=\"container\" data-settings=\"{&quot;background_background&quot;:&quot;classic&quot;,&quot;jet_parallax_layout_list&quot;:[]}\">\n\t\t\t\t\t<div class=\"e-con-inner\">\n\t\t\t\t<div class=\"elementor-element elementor-element-1a3bbd9 jet-breadcrumbs-align-center elementor-widget elementor-widget-jet-breadcrumbs\" data-id=\"1a3bbd9\" data-element_type=\"widget\" data-e-type=\"widget\" data-widget_type=\"jet-breadcrumbs.default\">\n\t\t\t\t<div class=\"elementor-widget-container\">\n\t\t\t\t\t<div class=\"elementor-jet-breadcrumbs jet-blocks\">\n\t\t<div class=\"jet-breadcrumbs\">\n\t\t<div class=\"jet-breadcrumbs__content\">\n\t\t<div class=\"jet-breadcrumbs__wrap\"><div class=\"jet-breadcrumbs__item\"><a href=\"https:\/\/kotekservice.com\/en\/\" class=\"jet-breadcrumbs__item-link is-home\" rel=\"home\" title=\"Home page\">Home page<\/a><\/div>\n\t\t<\/div>\n\t\t<\/div>\n\t\t<\/div><\/div>\t\t\t\t<\/div>\n\t\t\t\t<\/div>\n\t\t\t\t\t<\/div>\n\t\t\t\t<\/div>\n\t\t\t\t<\/div>\n\t\t\t\t<\/div>\n\t\t\t\t\t\t<\/div>\n\t\t\t\t<\/div>\n\t\t\t\t<\/div>\n\t\t<div class=\"elementor-element elementor-element-64ce9cd osiomargin e-flex e-con-boxed e-con e-parent\" data-id=\"64ce9cd\" data-element_type=\"container\" data-e-type=\"container\" data-settings=\"{&quot;jet_parallax_layout_list&quot;:[]}\">\n\t\t\t\t\t<div class=\"e-con-inner\">\n\t\t\t\t<div class=\"elementor-element elementor-element-e82c1e1 elementor-widget elementor-widget-text-editor\" data-id=\"e82c1e1\" data-element_type=\"widget\" data-e-type=\"widget\" data-widget_type=\"text-editor.default\">\n\t\t\t\t<div class=\"elementor-widget-container\">\n\t\t\t\t\t\t\t\t\t<p><strong data-start=\"632\" data-end=\"653\">Polyurea coating<\/strong> is a seamless and durable coating solution for industrial and construction applications, and is used for waterproofing, corrosion protection and wear resistance. Kotek has been providing <strong data-start=\"763\" data-end=\"787\">polyrecoatings<\/strong> since 2016 &#8211; customer-specific and long-lasting.   <\/p>\t\t\t\t\t\t\t\t<\/div>\n\t\t\t\t<\/div>\n\t\t\t\t\t<\/div>\n\t\t\t\t<\/div>\n\t\t<div class=\"elementor-element elementor-element-9925d0e osiopadding e-flex e-con-boxed e-con e-parent\" data-id=\"9925d0e\" data-element_type=\"container\" data-e-type=\"container\" data-settings=\"{&quot;background_background&quot;:&quot;classic&quot;,&quot;jet_parallax_layout_list&quot;:[]}\">\n\t\t\t\t\t<div class=\"e-con-inner\">\n\t\t\t\t<div class=\"elementor-element elementor-element-5366c94 elementor-widget elementor-widget-heading\" data-id=\"5366c94\" data-element_type=\"widget\" data-e-type=\"widget\" data-widget_type=\"heading.default\">\n\t\t\t\t<div class=\"elementor-widget-container\">\n\t\t\t\t\t<h2 class=\"elementor-heading-title elementor-size-default\">Applications and benefits of polyurea coating<\/h2>\t\t\t\t<\/div>\n\t\t\t\t<\/div>\n\t\t\t\t<div class=\"elementor-element elementor-element-ec818ab elementor-widget elementor-widget-text-editor\" data-id=\"ec818ab\" data-element_type=\"widget\" data-e-type=\"widget\" data-widget_type=\"text-editor.default\">\n\t\t\t\t<div class=\"elementor-widget-container\">\n\t\t\t\t\t\t\t\t\t<p>Applications for polyrecoating include industrial and institutional tanks. The advantages of polyurea include its sprayability, which provides a seamless, durable and chemical-resistant surface. <\/p><p>Polyurea is also ideal for roof renovation. It can be used as a coating on tin, felt and minerite roofs, and can even halve the cost of roof renovation. The end result is a waterproof and leakproof roof. Polyurea coating is also an effective waterproofing agent for plinths, driveway decks and walkways. It can be used in industrial structures where a seamless and watertight seal is required.    <\/p><p>The polyurea coating provides long-term protection against corrosion, impact, abrasion and premature wear. It has an expected operational lifetime of at least 25 years.<\/p>\t\t\t\t\t\t\t\t<\/div>\n\t\t\t\t<\/div>\n\t\t\t\t\t<\/div>\n\t\t\t\t<\/div>\n\t\t<div class=\"elementor-element elementor-element-af104c0 osiomargin e-flex e-con-boxed e-con e-parent\" data-id=\"af104c0\" data-element_type=\"container\" data-e-type=\"container\" data-settings=\"{&quot;jet_parallax_layout_list&quot;:[]}\">\n\t\t\t\t\t<div class=\"e-con-inner\">\n\t\t\t\t<div class=\"elementor-element elementor-element-07cff3b elementor-widget elementor-widget-heading\" data-id=\"07cff3b\" data-element_type=\"widget\" data-e-type=\"widget\" data-widget_type=\"heading.default\">\n\t\t\t\t<div class=\"elementor-widget-container\">\n\t\t\t\t\t<h2 class=\"elementor-heading-title elementor-size-default\">Polyurea coating dries in up to 10 seconds<\/h2>\t\t\t\t<\/div>\n\t\t\t\t<\/div>\n\t\t\t\t<div class=\"elementor-element elementor-element-b3e8443 elementor-widget elementor-widget-text-editor\" data-id=\"b3e8443\" data-element_type=\"widget\" data-e-type=\"widget\" data-widget_type=\"text-editor.default\">\n\t\t\t\t<div class=\"elementor-widget-container\">\n\t\t\t\t\t\t\t\t\t<p>The polyurea coating dries quickly; curing to touch-dry in up to 10 seconds. The coating is resistant to rain and foot traffic within minutes of spraying. Fast drying allows large areas to be treated in a day &#8211; up to more than 1000 square metres per day. This makes polyrecoating an excellent solution for large sites where speed and minimizing downtime are important.<\/p>\t\t\t\t\t\t\t\t<\/div>\n\t\t\t\t<\/div>\n\t\t\t\t\t<\/div>\n\t\t\t\t<\/div>\n\t\t<div class=\"elementor-element elementor-element-6896ccd osiopadding e-flex e-con-boxed e-con e-parent\" data-id=\"6896ccd\" data-element_type=\"container\" data-e-type=\"container\" data-settings=\"{&quot;background_background&quot;:&quot;classic&quot;,&quot;jet_parallax_layout_list&quot;:[]}\">\n\t\t\t\t\t<div class=\"e-con-inner\">\n\t\t\t\t<div class=\"elementor-element elementor-element-d01394c elementor-widget elementor-widget-heading\" data-id=\"d01394c\" data-element_type=\"widget\" data-e-type=\"widget\" data-widget_type=\"heading.default\">\n\t\t\t\t<div class=\"elementor-widget-container\">\n\t\t\t\t\t<h2 class=\"elementor-heading-title elementor-size-default\">Polyurea coating for parking decks\n<\/h2>\t\t\t\t<\/div>\n\t\t\t\t<\/div>\n\t\t\t\t<div class=\"elementor-element elementor-element-e44bf8b elementor-widget elementor-widget-text-editor\" data-id=\"e44bf8b\" data-element_type=\"widget\" data-e-type=\"widget\" data-widget_type=\"text-editor.default\">\n\t\t\t\t<div class=\"elementor-widget-container\">\n\t\t\t\t\t\t\t\t\t<p>Polyurea is a modern coating material that offers many advantages for the protection and restoration of parking decks and yard decks. Its main advantages include excellent chemical and physical resistance, fast curing time and long service life, making it an excellent choice for demanding conditions.<\/p><ul><li>Polyurea&#8217;s chemical composition makes it highly resistant to various chemicals, oil, grease and many other substances that can be found in parking lots and yards. This feature is important as it protects the coated area from damage and stains that can compromise the integrity and appearance of the structure.<br><br><\/li><li>The polyurea coating cures very quickly, even within minutes, reducing downtime in the application. This is a significant advantage, especially in commercial buildings and other areas where outages can cause significant inconvenience and cost. The rapid curing also allows the coating to be applied in varying weather conditions, extending the time window in which the work can be carried out.<br><br><\/li><li>The mechanical resistance of the polyurea coating is excellent. It is highly resistant to abrasion, impact and constant traffic, which is essential for parking decks and driveway decks that are constantly exposed to mechanical stress. In addition, its flexibility allows it to expand and contract with temperature changes without cracking or damaging the coating.<br><br><\/li><li>Polyurea&#8217;s impermeability protects structures from water ingress, which is particularly important for parking decks and driveway decks where water ingress can cause serious damage to structures. This property helps prevent moisture-induced corrosion and concrete deterioration, extending the life of the structure.<br><br><\/li><li>The aesthetics of polyurea coatings are also highly versatile. It is available in a range of colours and the finish can be tailored to the customer&#8217;s wishes &#8211; whether it is a rough, non-slip surface or a smooth, glossy finish. <\/li><\/ul><p>In summary, the properties offered by polyurea, such as chemical and physical resistance, fast curing time, mechanical resistance, water resistance and aesthetic versatility, make it an excellent choice for the protection and restoration of parking decks and yard decks. It provides long-term protection and reduces the need for maintenance, making it a cost-effective solution for a wide range of applications.<\/p>\t\t\t\t\t\t\t\t<\/div>\n\t\t\t\t<\/div>\n\t\t\t\t\t<\/div>\n\t\t\t\t<\/div>\n\t\t<div class=\"elementor-element elementor-element-db88597 osiomargin e-flex e-con-boxed e-con e-parent\" data-id=\"db88597\" data-element_type=\"container\" data-e-type=\"container\" data-settings=\"{&quot;jet_parallax_layout_list&quot;:[]}\">\n\t\t\t\t\t<div class=\"e-con-inner\">\n\t\t<div class=\"elementor-element elementor-element-bd1b1b8 e-grid e-con-full e-con e-child\" data-id=\"bd1b1b8\" data-element_type=\"container\" data-e-type=\"container\" data-settings=\"{&quot;jet_parallax_layout_list&quot;:[]}\">\n\t\t<div class=\"elementor-element elementor-element-2e9bf5f e-con-full e-flex e-con e-child\" data-id=\"2e9bf5f\" data-element_type=\"container\" data-e-type=\"container\" data-settings=\"{&quot;jet_parallax_layout_list&quot;:[]}\">\n\t\t\t\t<div class=\"elementor-element elementor-element-699b0c4 elementor-widget elementor-widget-image\" data-id=\"699b0c4\" data-element_type=\"widget\" data-e-type=\"widget\" data-widget_type=\"image.default\">\n\t\t\t\t<div class=\"elementor-widget-container\">\n\t\t\t\t\t\t\t\t\t\t\t\t\t\t\t<img fetchpriority=\"high\" decoding=\"async\" width=\"400\" height=\"250\" src=\"https:\/\/kotekservice.com\/wp-content\/uploads\/2025\/07\/polyureapinnoitus-kuormalava-teollisuus.jpg\" class=\"attachment-1536x1536 size-1536x1536 wp-image-1900\" alt=\"Polyureapinnoitus teollisuuden kuormalavaan ja kulutuskohteisiin\" srcset=\"https:\/\/kotekservice.com\/wp-content\/uploads\/2025\/07\/polyureapinnoitus-kuormalava-teollisuus.jpg 400w, https:\/\/kotekservice.com\/wp-content\/uploads\/2025\/07\/polyureapinnoitus-kuormalava-teollisuus-300x188.jpg 300w\" sizes=\"(max-width: 400px) 100vw, 400px\" \/>\t\t\t\t\t\t\t\t\t\t\t\t\t\t\t<\/div>\n\t\t\t\t<\/div>\n\t\t<div class=\"elementor-element elementor-element-8bb3399 e-con-full e-flex e-con e-child\" data-id=\"8bb3399\" data-element_type=\"container\" data-e-type=\"container\" data-settings=\"{&quot;jet_parallax_layout_list&quot;:[]}\">\n\t\t\t\t<div class=\"elementor-element elementor-element-09d9e2c elementor-widget elementor-widget-text-editor\" data-id=\"09d9e2c\" data-element_type=\"widget\" data-e-type=\"widget\" data-widget_type=\"text-editor.default\">\n\t\t\t\t<div class=\"elementor-widget-container\">\n\t\t\t\t\t\t\t\t\t<p>Polyurea can be used in a wide range of applications, from roofs to hard wearing areas in industry, as well as in the treading of various types of pallets.  <\/p>\t\t\t\t\t\t\t\t<\/div>\n\t\t\t\t<\/div>\n\t\t\t\t<\/div>\n\t\t\t\t<\/div>\n\t\t<div class=\"elementor-element elementor-element-38f7dd6 e-con-full e-flex e-con e-child\" data-id=\"38f7dd6\" data-element_type=\"container\" data-e-type=\"container\" data-settings=\"{&quot;jet_parallax_layout_list&quot;:[]}\">\n\t\t\t\t<div class=\"elementor-element elementor-element-b693a5f elementor-widget elementor-widget-image\" data-id=\"b693a5f\" data-element_type=\"widget\" data-e-type=\"widget\" data-widget_type=\"image.default\">\n\t\t\t\t<div class=\"elementor-widget-container\">\n\t\t\t\t\t\t\t\t\t\t\t\t\t\t\t<img decoding=\"async\" width=\"400\" height=\"250\" src=\"https:\/\/kotekservice.com\/wp-content\/uploads\/2025\/07\/polyureapinnoitus-katto-ruiskutus.jpg\" class=\"attachment-1536x1536 size-1536x1536 wp-image-1903\" alt=\"Polyureapinnoite ruiskutetaan katolle\" srcset=\"https:\/\/kotekservice.com\/wp-content\/uploads\/2025\/07\/polyureapinnoitus-katto-ruiskutus.jpg 400w, https:\/\/kotekservice.com\/wp-content\/uploads\/2025\/07\/polyureapinnoitus-katto-ruiskutus-300x188.jpg 300w\" sizes=\"(max-width: 400px) 100vw, 400px\" \/>\t\t\t\t\t\t\t\t\t\t\t\t\t\t\t<\/div>\n\t\t\t\t<\/div>\n\t\t<div class=\"elementor-element elementor-element-e525d0d e-con-full e-flex e-con e-child\" data-id=\"e525d0d\" data-element_type=\"container\" data-e-type=\"container\" data-settings=\"{&quot;jet_parallax_layout_list&quot;:[]}\">\n\t\t\t\t<div class=\"elementor-element elementor-element-59e01a1 elementor-widget elementor-widget-text-editor\" data-id=\"59e01a1\" data-element_type=\"widget\" data-e-type=\"widget\" data-widget_type=\"text-editor.default\">\n\t\t\t\t<div class=\"elementor-widget-container\">\n\t\t\t\t\t\t\t\t\t<p>A polyurethane coating for felt, felt and minerite roofs will halve the cost of roof renovation.<\/p>\t\t\t\t\t\t\t\t<\/div>\n\t\t\t\t<\/div>\n\t\t\t\t<\/div>\n\t\t\t\t<\/div>\n\t\t<div class=\"elementor-element elementor-element-bafd866 e-con-full e-flex e-con e-child\" data-id=\"bafd866\" data-element_type=\"container\" data-e-type=\"container\" data-settings=\"{&quot;jet_parallax_layout_list&quot;:[]}\">\n\t\t\t\t<div class=\"elementor-element elementor-element-f54ec98 elementor-widget elementor-widget-image\" data-id=\"f54ec98\" data-element_type=\"widget\" data-e-type=\"widget\" data-widget_type=\"image.default\">\n\t\t\t\t<div class=\"elementor-widget-container\">\n\t\t\t\t\t\t\t\t\t\t\t\t\t\t\t<img decoding=\"async\" width=\"400\" height=\"250\" src=\"https:\/\/kotekservice.com\/wp-content\/uploads\/2025\/07\/mineriittikatto-polyureapinnoitus.jpg\" class=\"attachment-1536x1536 size-1536x1536 wp-image-1906\" alt=\"Polyurealla pinnoitettu mineriittikatto kest\u00e4\u00e4 s\u00e4\u00e4rasitusta\" srcset=\"https:\/\/kotekservice.com\/wp-content\/uploads\/2025\/07\/mineriittikatto-polyureapinnoitus.jpg 400w, https:\/\/kotekservice.com\/wp-content\/uploads\/2025\/07\/mineriittikatto-polyureapinnoitus-300x188.jpg 300w\" sizes=\"(max-width: 400px) 100vw, 400px\" \/>\t\t\t\t\t\t\t\t\t\t\t\t\t\t\t<\/div>\n\t\t\t\t<\/div>\n\t\t<div class=\"elementor-element elementor-element-dd59e32 e-con-full e-flex e-con e-child\" data-id=\"dd59e32\" data-element_type=\"container\" data-e-type=\"container\" data-settings=\"{&quot;jet_parallax_layout_list&quot;:[]}\">\n\t\t\t\t<div class=\"elementor-element elementor-element-b2ae233 elementor-widget elementor-widget-text-editor\" data-id=\"b2ae233\" data-element_type=\"widget\" data-e-type=\"widget\" data-widget_type=\"text-editor.default\">\n\t\t\t\t<div class=\"elementor-widget-container\">\n\t\t\t\t\t\t\t\t\t<p>The polyurethane coating of a minerite roof provides effective protection against weather stress and extends the life of the roof by up to decades.<\/p>\t\t\t\t\t\t\t\t<\/div>\n\t\t\t\t<\/div>\n\t\t\t\t<\/div>\n\t\t\t\t<\/div>\n\t\t<div class=\"elementor-element elementor-element-9cbe0d6 e-con-full e-flex e-con e-child\" data-id=\"9cbe0d6\" data-element_type=\"container\" data-e-type=\"container\" data-settings=\"{&quot;jet_parallax_layout_list&quot;:[]}\">\n\t\t\t\t<div class=\"elementor-element elementor-element-c8e17d3 elementor-widget elementor-widget-image\" data-id=\"c8e17d3\" data-element_type=\"widget\" data-e-type=\"widget\" data-widget_type=\"image.default\">\n\t\t\t\t<div class=\"elementor-widget-container\">\n\t\t\t\t\t\t\t\t\t\t\t\t\t\t\t<img loading=\"lazy\" decoding=\"async\" width=\"400\" height=\"250\" src=\"https:\/\/kotekservice.com\/wp-content\/uploads\/2025\/07\/tehdaskatto-polyureapinnoitus.jpg\" class=\"attachment-1536x1536 size-1536x1536 wp-image-1909\" alt=\"Suuren tehdaskaton polyureapinnoitus suojaa kosteudelta ja j\u00e4\u00e4tymiselt\u00e4\" srcset=\"https:\/\/kotekservice.com\/wp-content\/uploads\/2025\/07\/tehdaskatto-polyureapinnoitus.jpg 400w, https:\/\/kotekservice.com\/wp-content\/uploads\/2025\/07\/tehdaskatto-polyureapinnoitus-300x188.jpg 300w\" sizes=\"(max-width: 400px) 100vw, 400px\" \/>\t\t\t\t\t\t\t\t\t\t\t\t\t\t\t<\/div>\n\t\t\t\t<\/div>\n\t\t<div class=\"elementor-element elementor-element-cab5376 e-con-full e-flex e-con e-child\" data-id=\"cab5376\" data-element_type=\"container\" data-e-type=\"container\" data-settings=\"{&quot;jet_parallax_layout_list&quot;:[]}\">\n\t\t\t\t<div class=\"elementor-element elementor-element-b3c8eae elementor-widget elementor-widget-text-editor\" data-id=\"b3c8eae\" data-element_type=\"widget\" data-e-type=\"widget\" data-widget_type=\"text-editor.default\">\n\t\t\t\t<div class=\"elementor-widget-container\">\n\t\t\t\t\t\t\t\t\t<p>Extensive factory roofs can be seamlessly protected with polyurea &#8211; protection against chemicals, freezing and corrosion in a single treatment.<\/p>\t\t\t\t\t\t\t\t<\/div>\n\t\t\t\t<\/div>\n\t\t\t\t<\/div>\n\t\t\t\t<\/div>\n\t\t<div class=\"elementor-element elementor-element-854c186 e-con-full e-flex e-con e-child\" data-id=\"854c186\" data-element_type=\"container\" data-e-type=\"container\" data-settings=\"{&quot;jet_parallax_layout_list&quot;:[]}\">\n\t\t\t\t<div class=\"elementor-element elementor-element-d3a5b96 elementor-widget elementor-widget-image\" data-id=\"d3a5b96\" data-element_type=\"widget\" data-e-type=\"widget\" data-widget_type=\"image.default\">\n\t\t\t\t<div class=\"elementor-widget-container\">\n\t\t\t\t\t\t\t\t\t\t\t\t\t\t\t<img loading=\"lazy\" decoding=\"async\" width=\"400\" height=\"250\" src=\"https:\/\/kotekservice.com\/wp-content\/uploads\/2025\/07\/sailio-polyureapinnoite-teollisuus.jpg\" class=\"attachment-1536x1536 size-1536x1536 wp-image-1912\" alt=\"Polyureapinnoite teollisuuss\u00e4ili\u00f6n sis\u00e4pintaan\" srcset=\"https:\/\/kotekservice.com\/wp-content\/uploads\/2025\/07\/sailio-polyureapinnoite-teollisuus.jpg 400w, https:\/\/kotekservice.com\/wp-content\/uploads\/2025\/07\/sailio-polyureapinnoite-teollisuus-300x188.jpg 300w\" sizes=\"(max-width: 400px) 100vw, 400px\" \/>\t\t\t\t\t\t\t\t\t\t\t\t\t\t\t<\/div>\n\t\t\t\t<\/div>\n\t\t<div class=\"elementor-element elementor-element-beabadd e-con-full e-flex e-con e-child\" data-id=\"beabadd\" data-element_type=\"container\" data-e-type=\"container\" data-settings=\"{&quot;jet_parallax_layout_list&quot;:[]}\">\n\t\t\t\t<div class=\"elementor-element elementor-element-114cdaf elementor-widget elementor-widget-text-editor\" data-id=\"114cdaf\" data-element_type=\"widget\" data-e-type=\"widget\" data-widget_type=\"text-editor.default\">\n\t\t\t\t<div class=\"elementor-widget-container\">\n\t\t\t\t\t\t\t\t\t<p>Polyurea is suitable for use as a reliable tank coating in industry and installations.<\/p>\t\t\t\t\t\t\t\t<\/div>\n\t\t\t\t<\/div>\n\t\t\t\t<\/div>\n\t\t\t\t<\/div>\n\t\t<div class=\"elementor-element elementor-element-1538c79 e-con-full e-flex e-con e-child\" data-id=\"1538c79\" data-element_type=\"container\" data-e-type=\"container\" data-settings=\"{&quot;jet_parallax_layout_list&quot;:[]}\">\n\t\t\t\t<div class=\"elementor-element elementor-element-2018793 elementor-widget elementor-widget-image\" data-id=\"2018793\" data-element_type=\"widget\" data-e-type=\"widget\" data-widget_type=\"image.default\">\n\t\t\t\t<div class=\"elementor-widget-container\">\n\t\t\t\t\t\t\t\t\t\t\t\t\t\t\t<img loading=\"lazy\" decoding=\"async\" width=\"400\" height=\"250\" src=\"https:\/\/kotekservice.com\/wp-content\/uploads\/2025\/07\/ulkopinta-kestava-polyureapinnoitus.jpg\" class=\"attachment-1536x1536 size-1536x1536 wp-image-1915\" alt=\"Kest\u00e4v\u00e4 polyureapinnoite ulkobetonipintaan\" srcset=\"https:\/\/kotekservice.com\/wp-content\/uploads\/2025\/07\/ulkopinta-kestava-polyureapinnoitus.jpg 400w, https:\/\/kotekservice.com\/wp-content\/uploads\/2025\/07\/ulkopinta-kestava-polyureapinnoitus-300x188.jpg 300w\" sizes=\"(max-width: 400px) 100vw, 400px\" \/>\t\t\t\t\t\t\t\t\t\t\t\t\t\t\t<\/div>\n\t\t\t\t<\/div>\n\t\t<div class=\"elementor-element elementor-element-b607a81 e-con-full e-flex e-con e-child\" data-id=\"b607a81\" data-element_type=\"container\" data-e-type=\"container\" data-settings=\"{&quot;jet_parallax_layout_list&quot;:[]}\">\n\t\t\t\t<div class=\"elementor-element elementor-element-2bd2572 elementor-widget elementor-widget-text-editor\" data-id=\"2bd2572\" data-element_type=\"widget\" data-e-type=\"widget\" data-widget_type=\"text-editor.default\">\n\t\t\t\t<div class=\"elementor-widget-container\">\n\t\t\t\t\t\t\t\t\t<p>Durable and UV-protected polyurea coating improves the life of concrete surfaces and prevents cracking in outdoor use.<\/p>\t\t\t\t\t\t\t\t<\/div>\n\t\t\t\t<\/div>\n\t\t\t\t<\/div>\n\t\t\t\t<\/div>\n\t\t\t\t<\/div>\n\t\t\t\t\t<\/div>\n\t\t\t\t<\/div>\n\t\t\t\t<\/div>\n\t\t","protected":false},"excerpt":{"rendered":"<p>Polyurea coating is a seamless and durable coating solution for industrial and construction applications, and is used for waterproofing, corrosion protection and wear resistance. Kotek has been providing polyrecoatings since 2016 &#8211; customer-specific and long-lasting. Applications and benefits of polyurea coating Applications for polyrecoating include industrial and institutional tanks. The advantages of polyurea include its [&hellip;]<\/p>\n","protected":false},"author":1,"featured_media":1446,"parent":1505,"menu_order":0,"comment_status":"closed","ping_status":"closed","template":"","meta":{"footnotes":""},"class_list":["post-1488","page","type-page","status-publish","has-post-thumbnail","hentry"],"_links":{"self":[{"href":"https:\/\/kotekservice.com\/en\/wp-json\/wp\/v2\/pages\/1488","targetHints":{"allow":["GET"]}}],"collection":[{"href":"https:\/\/kotekservice.com\/en\/wp-json\/wp\/v2\/pages"}],"about":[{"href":"https:\/\/kotekservice.com\/en\/wp-json\/wp\/v2\/types\/page"}],"author":[{"embeddable":true,"href":"https:\/\/kotekservice.com\/en\/wp-json\/wp\/v2\/users\/1"}],"replies":[{"embeddable":true,"href":"https:\/\/kotekservice.com\/en\/wp-json\/wp\/v2\/comments?post=1488"}],"version-history":[{"count":4,"href":"https:\/\/kotekservice.com\/en\/wp-json\/wp\/v2\/pages\/1488\/revisions"}],"predecessor-version":[{"id":1920,"href":"https:\/\/kotekservice.com\/en\/wp-json\/wp\/v2\/pages\/1488\/revisions\/1920"}],"up":[{"embeddable":true,"href":"https:\/\/kotekservice.com\/en\/wp-json\/wp\/v2\/pages\/1505"}],"wp:featuredmedia":[{"embeddable":true,"href":"https:\/\/kotekservice.com\/en\/wp-json\/wp\/v2\/media\/1446"}],"wp:attachment":[{"href":"https:\/\/kotekservice.com\/en\/wp-json\/wp\/v2\/media?parent=1488"}],"curies":[{"name":"wp","href":"https:\/\/api.w.org\/{rel}","templated":true}]}}